{"id":985,"date":"2016-01-31T22:04:45","date_gmt":"2016-01-31T20:04:45","guid":{"rendered":"http:\/\/shoo-shoo.de\/Wordpress\/?page_id=985"},"modified":"2021-05-05T08:47:08","modified_gmt":"2021-05-05T06:47:08","slug":"trouble-in-moose-lake","status":"publish","type":"page","link":"https:\/\/shoo-shoo.de\/Wordpress\/shows\/trouble-in-moose-lake","title":{"rendered":"Trouble in Moose Lake"},"content":{"rendered":"<p>The Shoo-Shoos pr\u00e4sentieren ihre \u00a0Show \u201eTrouble in Moose Lake\u201c.<\/p>\n<p>Nach langer Reise gl\u00fccklich angekommen, genie\u00dfen die sechs Freunde endlich die Ruhe und Idylle auf dem Lande und bem\u00fchen sich redlich, mit dem einfachen Leben, den neuen Nachbarn und dem volkst\u00fcmlichen Dresscode zurechtzukommen.<br \/>Doch damit k\u00f6nnen die Shoo-Shoos umgehen.<br \/>Denn in ihren Koffern haben sie jede Menge Charme, wundervolle Swingmusik und l\u00e4ndliche Kleidung mitgebracht&#8230; sowie ein dunkles Geheimnis&#8230;<br \/>Wie immer bestechen The Shoo-Shoos mit drei bezaubernden Frauenstimmen und einer groovenden Band durch ihr einmaliges Gesp\u00fcr f\u00fcr Stimmung und Timing.<\/p>\n<p>\u00a0<\/p>\n\n\n<figure class=\"wp-block-image size-large is-resized\"><img decoding=\"async\" src=\"https:\/\/shoo-shoo.de\/wp-content\/uploads\/2021\/04\/TMS_web-1-725x1024.jpg\" alt=\"\" class=\"wp-image-1547\" height=\"700\" srcset=\"https:\/\/shoo-shoo.de\/wp-content\/uploads\/2021\/04\/TMS_web-1-725x1024.jpg 725w, https:\/\/shoo-shoo.de\/wp-content\/uploads\/2021\/04\/TMS_web-1-212x300.jpg 212w, https:\/\/shoo-shoo.de\/wp-content\/uploads\/2021\/04\/TMS_web-1-768x1085.jpg 768w, https:\/\/shoo-shoo.de\/wp-content\/uploads\/2021\/04\/TMS_web-1-1087x1536.jpg 1087w, https:\/\/shoo-shoo.de\/wp-content\/uploads\/2021\/04\/TMS_web-1-1449x2048.jpg 1449w, https:\/\/shoo-shoo.de\/wp-content\/uploads\/2021\/04\/TMS_web-1-scaled.jpg 1812w\" sizes=\"(max-width: 725px) 100vw, 725px\" \/><\/figure>\n\n\n\n<figure class=\"wp-block-gallery columns-3 wp-block-gallery-1 is-layout-flex wp-block-gallery-is-layout-flex\"><ul class=\"blocks-gallery-grid\"><li class=\"blocks-gallery-item\"><figure><img loading=\"lazy\" decoding=\"async\" width=\"1024\" height=\"1024\" src=\"https:\/\/shoo-shoo.de\/wp-content\/uploads\/2021\/05\/P1000853-1024x1024.jpg\" alt=\"\" data-id=\"1619\" data-full-url=\"https:\/\/shoo-shoo.de\/wp-content\/uploads\/2021\/05\/P1000853-scaled.jpg\" data-link=\"https:\/\/shoo-shoo.de\/Wordpress\/shows\/trouble-in-moose-lake\/attachment\/p1000853\" class=\"wp-image-1619\" srcset=\"https:\/\/shoo-shoo.de\/wp-content\/uploads\/2021\/05\/P1000853-1024x1024.jpg 1024w, https:\/\/shoo-shoo.de\/wp-content\/uploads\/2021\/05\/P1000853-300x300.jpg 300w, https:\/\/shoo-shoo.de\/wp-content\/uploads\/2021\/05\/P1000853-150x150.jpg 150w, https:\/\/shoo-shoo.de\/wp-content\/uploads\/2021\/05\/P1000853-768x768.jpg 768w, https:\/\/shoo-shoo.de\/wp-content\/uploads\/2021\/05\/P1000853-1536x1536.jpg 1536w, https:\/\/shoo-shoo.de\/wp-content\/uploads\/2021\/05\/P1000853-2048x2048.jpg 2048w\" sizes=\"auto, (max-width: 1024px) 100vw, 1024px\" \/><\/figure><\/li><li class=\"blocks-gallery-item\"><figure><img loading=\"lazy\" decoding=\"async\" width=\"767\" height=\"1024\" src=\"https:\/\/shoo-shoo.de\/wp-content\/uploads\/2021\/05\/THE_SHOO_SHOOS_173_byFelixGroteloh-767x1024.jpg\" alt=\"\" data-id=\"1620\" data-full-url=\"https:\/\/shoo-shoo.de\/wp-content\/uploads\/2021\/05\/THE_SHOO_SHOOS_173_byFelixGroteloh.jpg\" data-link=\"https:\/\/shoo-shoo.de\/Wordpress\/shows\/trouble-in-moose-lake\/attachment\/the-shoo-shoos-8\" class=\"wp-image-1620\" srcset=\"https:\/\/shoo-shoo.de\/wp-content\/uploads\/2021\/05\/THE_SHOO_SHOOS_173_byFelixGroteloh-767x1024.jpg 767w, https:\/\/shoo-shoo.de\/wp-content\/uploads\/2021\/05\/THE_SHOO_SHOOS_173_byFelixGroteloh-225x300.jpg 225w, https:\/\/shoo-shoo.de\/wp-content\/uploads\/2021\/05\/THE_SHOO_SHOOS_173_byFelixGroteloh-768x1025.jpg 768w, https:\/\/shoo-shoo.de\/wp-content\/uploads\/2021\/05\/THE_SHOO_SHOOS_173_byFelixGroteloh-1151x1536.jpg 1151w, https:\/\/shoo-shoo.de\/wp-content\/uploads\/2021\/05\/THE_SHOO_SHOOS_173_byFelixGroteloh-1534x2048.jpg 1534w, https:\/\/shoo-shoo.de\/wp-content\/uploads\/2021\/05\/THE_SHOO_SHOOS_173_byFelixGroteloh.jpg 1873w\" sizes=\"auto, (max-width: 767px) 100vw, 767px\" \/><figcaption class=\"blocks-gallery-item__caption\">Foto by Felix Groteloh<\/figcaption><\/figure><\/li><li class=\"blocks-gallery-item\"><figure><img loading=\"lazy\" decoding=\"async\" width=\"1312\" height=\"1024\" src=\"https:\/\/shoo-shoo.de\/wp-content\/uploads\/2021\/05\/P1020212-1312x1024.jpg\" alt=\"\" data-id=\"1621\" data-full-url=\"https:\/\/shoo-shoo.de\/wp-content\/uploads\/2021\/05\/P1020212-scaled.jpg\" data-link=\"https:\/\/shoo-shoo.de\/Wordpress\/shows\/trouble-in-moose-lake\/attachment\/p1020212\" class=\"wp-image-1621\" srcset=\"https:\/\/shoo-shoo.de\/wp-content\/uploads\/2021\/05\/P1020212-1312x1024.jpg 1312w, https:\/\/shoo-shoo.de\/wp-content\/uploads\/2021\/05\/P1020212-300x234.jpg 300w, https:\/\/shoo-shoo.de\/wp-content\/uploads\/2021\/05\/P1020212-768x600.jpg 768w, https:\/\/shoo-shoo.de\/wp-content\/uploads\/2021\/05\/P1020212-1536x1199.jpg 1536w, https:\/\/shoo-shoo.de\/wp-content\/uploads\/2021\/05\/P1020212-2048x1599.jpg 2048w\" sizes=\"auto, (max-width: 1312px) 100vw, 1312px\" \/><\/figure><\/li><li class=\"blocks-gallery-item\"><figure><img loading=\"lazy\" decoding=\"async\" width=\"1536\" height=\"1024\" src=\"https:\/\/shoo-shoo.de\/wp-content\/uploads\/2021\/05\/IMG_8049-1536x1024.jpg\" alt=\"\" data-id=\"1622\" data-full-url=\"https:\/\/shoo-shoo.de\/wp-content\/uploads\/2021\/05\/IMG_8049-scaled.jpg\" data-link=\"https:\/\/shoo-shoo.de\/Wordpress\/shows\/trouble-in-moose-lake\/attachment\/img_8049\" class=\"wp-image-1622\" srcset=\"https:\/\/shoo-shoo.de\/wp-content\/uploads\/2021\/05\/IMG_8049-1536x1024.jpg 1536w, https:\/\/shoo-shoo.de\/wp-content\/uploads\/2021\/05\/IMG_8049-300x200.jpg 300w, https:\/\/shoo-shoo.de\/wp-content\/uploads\/2021\/05\/IMG_8049-768x512.jpg 768w, https:\/\/shoo-shoo.de\/wp-content\/uploads\/2021\/05\/IMG_8049-2048x1365.jpg 2048w\" sizes=\"auto, (max-width: 1536px) 100vw, 1536px\" \/><\/figure><\/li><li class=\"blocks-gallery-item\"><figure><img loading=\"lazy\" decoding=\"async\" width=\"1600\" height=\"960\" src=\"https:\/\/shoo-shoo.de\/wp-content\/uploads\/2021\/05\/P1020417-1600x960.jpg\" alt=\"\" data-id=\"1623\" data-full-url=\"https:\/\/shoo-shoo.de\/wp-content\/uploads\/2021\/05\/P1020417-scaled.jpg\" data-link=\"https:\/\/shoo-shoo.de\/Wordpress\/shows\/trouble-in-moose-lake\/attachment\/p1020417\" class=\"wp-image-1623\" srcset=\"https:\/\/shoo-shoo.de\/wp-content\/uploads\/2021\/05\/P1020417-1600x960.jpg 1600w, https:\/\/shoo-shoo.de\/wp-content\/uploads\/2021\/05\/P1020417-300x180.jpg 300w, https:\/\/shoo-shoo.de\/wp-content\/uploads\/2021\/05\/P1020417-768x461.jpg 768w, https:\/\/shoo-shoo.de\/wp-content\/uploads\/2021\/05\/P1020417-1536x922.jpg 1536w, https:\/\/shoo-shoo.de\/wp-content\/uploads\/2021\/05\/P1020417-2048x1229.jpg 2048w\" sizes=\"auto, (max-width: 1600px) 100vw, 1600px\" \/><\/figure><\/li><li class=\"blocks-gallery-item\"><figure><img loading=\"lazy\" decoding=\"async\" width=\"874\" height=\"1024\" src=\"https:\/\/shoo-shoo.de\/wp-content\/uploads\/2021\/05\/P1010955-874x1024.jpg\" alt=\"\" data-id=\"1624\" data-full-url=\"https:\/\/shoo-shoo.de\/wp-content\/uploads\/2021\/05\/P1010955.jpg\" data-link=\"https:\/\/shoo-shoo.de\/Wordpress\/shows\/trouble-in-moose-lake\/attachment\/p1010955\" class=\"wp-image-1624\" srcset=\"https:\/\/shoo-shoo.de\/wp-content\/uploads\/2021\/05\/P1010955-874x1024.jpg 874w, https:\/\/shoo-shoo.de\/wp-content\/uploads\/2021\/05\/P1010955-256x300.jpg 256w, https:\/\/shoo-shoo.de\/wp-content\/uploads\/2021\/05\/P1010955-768x900.jpg 768w, https:\/\/shoo-shoo.de\/wp-content\/uploads\/2021\/05\/P1010955.jpg 1105w\" sizes=\"auto, (max-width: 874px) 100vw, 874px\" \/><\/figure><\/li><li class=\"blocks-gallery-item\"><figure><img loading=\"lazy\" decoding=\"async\" width=\"767\" height=\"1024\" src=\"https:\/\/shoo-shoo.de\/wp-content\/uploads\/2021\/05\/THE_SHOO_SHOOS_129_byFelixGroteloh-767x1024.jpg\" alt=\"\" data-id=\"1625\" data-full-url=\"https:\/\/shoo-shoo.de\/wp-content\/uploads\/2021\/05\/THE_SHOO_SHOOS_129_byFelixGroteloh.jpg\" data-link=\"https:\/\/shoo-shoo.de\/Wordpress\/shows\/trouble-in-moose-lake\/attachment\/the-shoo-shoos-9\" class=\"wp-image-1625\" srcset=\"https:\/\/shoo-shoo.de\/wp-content\/uploads\/2021\/05\/THE_SHOO_SHOOS_129_byFelixGroteloh-767x1024.jpg 767w, https:\/\/shoo-shoo.de\/wp-content\/uploads\/2021\/05\/THE_SHOO_SHOOS_129_byFelixGroteloh-225x300.jpg 225w, https:\/\/shoo-shoo.de\/wp-content\/uploads\/2021\/05\/THE_SHOO_SHOOS_129_byFelixGroteloh-768x1025.jpg 768w, https:\/\/shoo-shoo.de\/wp-content\/uploads\/2021\/05\/THE_SHOO_SHOOS_129_byFelixGroteloh-1151x1536.jpg 1151w, https:\/\/shoo-shoo.de\/wp-content\/uploads\/2021\/05\/THE_SHOO_SHOOS_129_byFelixGroteloh-1534x2048.jpg 1534w, https:\/\/shoo-shoo.de\/wp-content\/uploads\/2021\/05\/THE_SHOO_SHOOS_129_byFelixGroteloh.jpg 1873w\" sizes=\"auto, (max-width: 767px) 100vw, 767px\" \/><figcaption class=\"blocks-gallery-item__caption\">Foto by Felix Groteloh<\/figcaption><\/figure><\/li><li class=\"blocks-gallery-item\"><figure><img loading=\"lazy\" decoding=\"async\" width=\"1136\" height=\"1024\" src=\"https:\/\/shoo-shoo.de\/wp-content\/uploads\/2021\/05\/P1020129-1136x1024.jpg\" alt=\"\" data-id=\"1626\" data-full-url=\"https:\/\/shoo-shoo.de\/wp-content\/uploads\/2021\/05\/P1020129-scaled.jpg\" data-link=\"https:\/\/shoo-shoo.de\/Wordpress\/shows\/trouble-in-moose-lake\/attachment\/p1020129\" class=\"wp-image-1626\" srcset=\"https:\/\/shoo-shoo.de\/wp-content\/uploads\/2021\/05\/P1020129-1136x1024.jpg 1136w, https:\/\/shoo-shoo.de\/wp-content\/uploads\/2021\/05\/P1020129-300x270.jpg 300w, https:\/\/shoo-shoo.de\/wp-content\/uploads\/2021\/05\/P1020129-768x692.jpg 768w, https:\/\/shoo-shoo.de\/wp-content\/uploads\/2021\/05\/P1020129-1536x1385.jpg 1536w, https:\/\/shoo-shoo.de\/wp-content\/uploads\/2021\/05\/P1020129-2048x1846.jpg 2048w\" sizes=\"auto, (max-width: 1136px) 100vw, 1136px\" \/><\/figure><\/li><li class=\"blocks-gallery-item\"><figure><img loading=\"lazy\" decoding=\"async\" width=\"1516\" height=\"1024\" src=\"https:\/\/shoo-shoo.de\/wp-content\/uploads\/2021\/05\/P1000205-1516x1024.jpg\" alt=\"\" data-id=\"1627\" data-full-url=\"https:\/\/shoo-shoo.de\/wp-content\/uploads\/2021\/05\/P1000205-scaled.jpg\" data-link=\"https:\/\/shoo-shoo.de\/Wordpress\/shows\/trouble-in-moose-lake\/attachment\/p1000205\" class=\"wp-image-1627\" srcset=\"https:\/\/shoo-shoo.de\/wp-content\/uploads\/2021\/05\/P1000205-1516x1024.jpg 1516w, https:\/\/shoo-shoo.de\/wp-content\/uploads\/2021\/05\/P1000205-300x203.jpg 300w, https:\/\/shoo-shoo.de\/wp-content\/uploads\/2021\/05\/P1000205-768x519.jpg 768w, https:\/\/shoo-shoo.de\/wp-content\/uploads\/2021\/05\/P1000205-1536x1037.jpg 1536w, https:\/\/shoo-shoo.de\/wp-content\/uploads\/2021\/05\/P1000205-2048x1383.jpg 2048w\" sizes=\"auto, (max-width: 1516px) 100vw, 1516px\" \/><\/figure><\/li><li class=\"blocks-gallery-item\"><figure><img loading=\"lazy\" decoding=\"async\" width=\"1365\" height=\"1024\" src=\"https:\/\/shoo-shoo.de\/wp-content\/uploads\/2021\/05\/P1010984-1365x1024.jpg\" alt=\"\" data-id=\"1628\" data-full-url=\"https:\/\/shoo-shoo.de\/wp-content\/uploads\/2021\/05\/P1010984-scaled.jpg\" data-link=\"https:\/\/shoo-shoo.de\/Wordpress\/shows\/trouble-in-moose-lake\/attachment\/p1010984\" class=\"wp-image-1628\" srcset=\"https:\/\/shoo-shoo.de\/wp-content\/uploads\/2021\/05\/P1010984-1365x1024.jpg 1365w, https:\/\/shoo-shoo.de\/wp-content\/uploads\/2021\/05\/P1010984-300x225.jpg 300w, https:\/\/shoo-shoo.de\/wp-content\/uploads\/2021\/05\/P1010984-768x576.jpg 768w, https:\/\/shoo-shoo.de\/wp-content\/uploads\/2021\/05\/P1010984-1536x1152.jpg 1536w, https:\/\/shoo-shoo.de\/wp-content\/uploads\/2021\/05\/P1010984-2048x1536.jpg 2048w\" sizes=\"auto, (max-width: 1365px) 100vw, 1365px\" \/><\/figure><\/li><li class=\"blocks-gallery-item\"><figure><img loading=\"lazy\" decoding=\"async\" width=\"1581\" height=\"1024\" src=\"https:\/\/shoo-shoo.de\/wp-content\/uploads\/2021\/05\/P1000955-1581x1024.jpg\" alt=\"\" data-id=\"1629\" data-full-url=\"https:\/\/shoo-shoo.de\/wp-content\/uploads\/2021\/05\/P1000955.jpg\" data-link=\"https:\/\/shoo-shoo.de\/Wordpress\/shows\/trouble-in-moose-lake\/attachment\/p1000955\" class=\"wp-image-1629\" srcset=\"https:\/\/shoo-shoo.de\/wp-content\/uploads\/2021\/05\/P1000955-1581x1024.jpg 1581w, https:\/\/shoo-shoo.de\/wp-content\/uploads\/2021\/05\/P1000955-300x194.jpg 300w, https:\/\/shoo-shoo.de\/wp-content\/uploads\/2021\/05\/P1000955-768x497.jpg 768w, https:\/\/shoo-shoo.de\/wp-content\/uploads\/2021\/05\/P1000955-1536x995.jpg 1536w, https:\/\/shoo-shoo.de\/wp-content\/uploads\/2021\/05\/P1000955-2048x1326.jpg 2048w\" sizes=\"auto, (max-width: 1581px) 100vw, 1581px\" \/><\/figure><\/li><li class=\"blocks-gallery-item\"><figure><img loading=\"lazy\" decoding=\"async\" width=\"1439\" height=\"1024\" src=\"https:\/\/shoo-shoo.de\/wp-content\/uploads\/2021\/05\/P1020646-1439x1024.jpg\" alt=\"\" data-id=\"1630\" data-full-url=\"https:\/\/shoo-shoo.de\/wp-content\/uploads\/2021\/05\/P1020646-scaled.jpg\" data-link=\"https:\/\/shoo-shoo.de\/Wordpress\/shows\/trouble-in-moose-lake\/attachment\/p1020646\" class=\"wp-image-1630\" srcset=\"https:\/\/shoo-shoo.de\/wp-content\/uploads\/2021\/05\/P1020646-1439x1024.jpg 1439w, https:\/\/shoo-shoo.de\/wp-content\/uploads\/2021\/05\/P1020646-300x213.jpg 300w, https:\/\/shoo-shoo.de\/wp-content\/uploads\/2021\/05\/P1020646-768x547.jpg 768w, https:\/\/shoo-shoo.de\/wp-content\/uploads\/2021\/05\/P1020646-1536x1093.jpg 1536w, https:\/\/shoo-shoo.de\/wp-content\/uploads\/2021\/05\/P1020646-2048x1457.jpg 2048w\" sizes=\"auto, (max-width: 1439px) 100vw, 1439px\" \/><\/figure><\/li><li class=\"blocks-gallery-item\"><figure><img loading=\"lazy\" decoding=\"async\" width=\"1287\" height=\"1024\" src=\"https:\/\/shoo-shoo.de\/wp-content\/uploads\/2021\/05\/P1020068-1287x1024.jpg\" alt=\"\" data-id=\"1631\" data-full-url=\"https:\/\/shoo-shoo.de\/wp-content\/uploads\/2021\/05\/P1020068-scaled.jpg\" data-link=\"https:\/\/shoo-shoo.de\/Wordpress\/shows\/trouble-in-moose-lake\/attachment\/p1020068\" class=\"wp-image-1631\" srcset=\"https:\/\/shoo-shoo.de\/wp-content\/uploads\/2021\/05\/P1020068-1287x1024.jpg 1287w, https:\/\/shoo-shoo.de\/wp-content\/uploads\/2021\/05\/P1020068-300x239.jpg 300w, https:\/\/shoo-shoo.de\/wp-content\/uploads\/2021\/05\/P1020068-768x611.jpg 768w, https:\/\/shoo-shoo.de\/wp-content\/uploads\/2021\/05\/P1020068-1536x1222.jpg 1536w, https:\/\/shoo-shoo.de\/wp-content\/uploads\/2021\/05\/P1020068-2048x1630.jpg 2048w\" sizes=\"auto, (max-width: 1287px) 100vw, 1287px\" \/><\/figure><\/li><li class=\"blocks-gallery-item\"><figure><img loading=\"lazy\" decoding=\"async\" width=\"1365\" height=\"1024\" src=\"https:\/\/shoo-shoo.de\/wp-content\/uploads\/2021\/05\/P1010977-1365x1024.jpg\" alt=\"\" data-id=\"1632\" data-full-url=\"https:\/\/shoo-shoo.de\/wp-content\/uploads\/2021\/05\/P1010977-scaled.jpg\" data-link=\"https:\/\/shoo-shoo.de\/Wordpress\/shows\/trouble-in-moose-lake\/attachment\/p1010977\" class=\"wp-image-1632\" srcset=\"https:\/\/shoo-shoo.de\/wp-content\/uploads\/2021\/05\/P1010977-1365x1024.jpg 1365w, https:\/\/shoo-shoo.de\/wp-content\/uploads\/2021\/05\/P1010977-300x225.jpg 300w, https:\/\/shoo-shoo.de\/wp-content\/uploads\/2021\/05\/P1010977-768x576.jpg 768w, https:\/\/shoo-shoo.de\/wp-content\/uploads\/2021\/05\/P1010977-1536x1152.jpg 1536w, https:\/\/shoo-shoo.de\/wp-content\/uploads\/2021\/05\/P1010977-2048x1536.jpg 2048w\" sizes=\"auto, (max-width: 1365px) 100vw, 1365px\" \/><\/figure><\/li><li class=\"blocks-gallery-item\"><figure><img loading=\"lazy\" decoding=\"async\" width=\"1340\" height=\"1024\" src=\"https:\/\/shoo-shoo.de\/wp-content\/uploads\/2021\/05\/P1020123-1340x1024.jpg\" alt=\"\" data-id=\"1633\" data-full-url=\"https:\/\/shoo-shoo.de\/wp-content\/uploads\/2021\/05\/P1020123-scaled.jpg\" data-link=\"https:\/\/shoo-shoo.de\/Wordpress\/shows\/trouble-in-moose-lake\/attachment\/p1020123\" class=\"wp-image-1633\" srcset=\"https:\/\/shoo-shoo.de\/wp-content\/uploads\/2021\/05\/P1020123-1340x1024.jpg 1340w, https:\/\/shoo-shoo.de\/wp-content\/uploads\/2021\/05\/P1020123-300x229.jpg 300w, https:\/\/shoo-shoo.de\/wp-content\/uploads\/2021\/05\/P1020123-768x587.jpg 768w, https:\/\/shoo-shoo.de\/wp-content\/uploads\/2021\/05\/P1020123-1536x1173.jpg 1536w, https:\/\/shoo-shoo.de\/wp-content\/uploads\/2021\/05\/P1020123-2048x1564.jpg 2048w\" sizes=\"auto, (max-width: 1340px) 100vw, 1340px\" \/><\/figure><\/li><li class=\"blocks-gallery-item\"><figure><img loading=\"lazy\" decoding=\"async\" width=\"1427\" height=\"1024\" src=\"https:\/\/shoo-shoo.de\/wp-content\/uploads\/2021\/05\/P1010976-1427x1024.jpg\" alt=\"\" data-id=\"1634\" data-full-url=\"https:\/\/shoo-shoo.de\/wp-content\/uploads\/2021\/05\/P1010976-scaled.jpg\" data-link=\"https:\/\/shoo-shoo.de\/Wordpress\/shows\/trouble-in-moose-lake\/attachment\/p1010976\" class=\"wp-image-1634\" srcset=\"https:\/\/shoo-shoo.de\/wp-content\/uploads\/2021\/05\/P1010976-1427x1024.jpg 1427w, https:\/\/shoo-shoo.de\/wp-content\/uploads\/2021\/05\/P1010976-300x215.jpg 300w, https:\/\/shoo-shoo.de\/wp-content\/uploads\/2021\/05\/P1010976-768x551.jpg 768w, https:\/\/shoo-shoo.de\/wp-content\/uploads\/2021\/05\/P1010976-1536x1102.jpg 1536w, https:\/\/shoo-shoo.de\/wp-content\/uploads\/2021\/05\/P1010976-2048x1470.jpg 2048w\" sizes=\"auto, (max-width: 1427px) 100vw, 1427px\" \/><\/figure><\/li><li class=\"blocks-gallery-item\"><figure><img loading=\"lazy\" decoding=\"async\" width=\"1365\" height=\"1024\" src=\"https:\/\/shoo-shoo.de\/wp-content\/uploads\/2021\/05\/P1010965-1365x1024.jpg\" alt=\"\" data-id=\"1635\" data-full-url=\"https:\/\/shoo-shoo.de\/wp-content\/uploads\/2021\/05\/P1010965-scaled.jpg\" data-link=\"https:\/\/shoo-shoo.de\/Wordpress\/shows\/trouble-in-moose-lake\/attachment\/p1010965\" class=\"wp-image-1635\" srcset=\"https:\/\/shoo-shoo.de\/wp-content\/uploads\/2021\/05\/P1010965-1365x1024.jpg 1365w, https:\/\/shoo-shoo.de\/wp-content\/uploads\/2021\/05\/P1010965-300x225.jpg 300w, https:\/\/shoo-shoo.de\/wp-content\/uploads\/2021\/05\/P1010965-768x576.jpg 768w, https:\/\/shoo-shoo.de\/wp-content\/uploads\/2021\/05\/P1010965-1536x1152.jpg 1536w, https:\/\/shoo-shoo.de\/wp-content\/uploads\/2021\/05\/P1010965-2048x1536.jpg 2048w\" sizes=\"auto, (max-width: 1365px) 100vw, 1365px\" \/><\/figure><\/li><li class=\"blocks-gallery-item\"><figure><img loading=\"lazy\" decoding=\"async\" width=\"587\" height=\"1024\" src=\"https:\/\/shoo-shoo.de\/wp-content\/uploads\/2021\/05\/P1010525-587x1024.jpg\" alt=\"\" data-id=\"1636\" data-full-url=\"https:\/\/shoo-shoo.de\/wp-content\/uploads\/2021\/05\/P1010525-scaled.jpg\" data-link=\"https:\/\/shoo-shoo.de\/Wordpress\/shows\/trouble-in-moose-lake\/attachment\/p1010525\" class=\"wp-image-1636\" srcset=\"https:\/\/shoo-shoo.de\/wp-content\/uploads\/2021\/05\/P1010525-587x1024.jpg 587w, https:\/\/shoo-shoo.de\/wp-content\/uploads\/2021\/05\/P1010525-172x300.jpg 172w, https:\/\/shoo-shoo.de\/wp-content\/uploads\/2021\/05\/P1010525-768x1339.jpg 768w, https:\/\/shoo-shoo.de\/wp-content\/uploads\/2021\/05\/P1010525-881x1536.jpg 881w, https:\/\/shoo-shoo.de\/wp-content\/uploads\/2021\/05\/P1010525-1175x2048.jpg 1175w, https:\/\/shoo-shoo.de\/wp-content\/uploads\/2021\/05\/P1010525-scaled.jpg 1468w\" sizes=\"auto, (max-width: 587px) 100vw, 587px\" \/><\/figure><\/li><li class=\"blocks-gallery-item\"><figure><img loading=\"lazy\" decoding=\"async\" width=\"1600\" height=\"741\" src=\"https:\/\/shoo-shoo.de\/wp-content\/uploads\/2021\/05\/P1010325-1600x741.jpg\" alt=\"\" data-id=\"1637\" data-full-url=\"https:\/\/shoo-shoo.de\/wp-content\/uploads\/2021\/05\/P1010325-scaled.jpg\" data-link=\"https:\/\/shoo-shoo.de\/Wordpress\/shows\/trouble-in-moose-lake\/attachment\/p1010325\" class=\"wp-image-1637\" srcset=\"https:\/\/shoo-shoo.de\/wp-content\/uploads\/2021\/05\/P1010325-1600x741.jpg 1600w, https:\/\/shoo-shoo.de\/wp-content\/uploads\/2021\/05\/P1010325-300x139.jpg 300w, https:\/\/shoo-shoo.de\/wp-content\/uploads\/2021\/05\/P1010325-768x356.jpg 768w, https:\/\/shoo-shoo.de\/wp-content\/uploads\/2021\/05\/P1010325-1536x712.jpg 1536w, https:\/\/shoo-shoo.de\/wp-content\/uploads\/2021\/05\/P1010325-2048x949.jpg 2048w\" sizes=\"auto, (max-width: 1600px) 100vw, 1600px\" \/><\/figure><\/li><li class=\"blocks-gallery-item\"><figure><img loading=\"lazy\" decoding=\"async\" width=\"767\" height=\"1024\" src=\"https:\/\/shoo-shoo.de\/wp-content\/uploads\/2021\/05\/THE_SHOO_SHOOS_065_byFelixGroteloh-767x1024.jpg\" alt=\"\" data-id=\"1638\" data-full-url=\"https:\/\/shoo-shoo.de\/wp-content\/uploads\/2021\/05\/THE_SHOO_SHOOS_065_byFelixGroteloh.jpg\" data-link=\"https:\/\/shoo-shoo.de\/Wordpress\/shows\/trouble-in-moose-lake\/attachment\/the-shoo-shoos-10\" class=\"wp-image-1638\" srcset=\"https:\/\/shoo-shoo.de\/wp-content\/uploads\/2021\/05\/THE_SHOO_SHOOS_065_byFelixGroteloh-767x1024.jpg 767w, https:\/\/shoo-shoo.de\/wp-content\/uploads\/2021\/05\/THE_SHOO_SHOOS_065_byFelixGroteloh-225x300.jpg 225w, https:\/\/shoo-shoo.de\/wp-content\/uploads\/2021\/05\/THE_SHOO_SHOOS_065_byFelixGroteloh-768x1025.jpg 768w, https:\/\/shoo-shoo.de\/wp-content\/uploads\/2021\/05\/THE_SHOO_SHOOS_065_byFelixGroteloh-1151x1536.jpg 1151w, https:\/\/shoo-shoo.de\/wp-content\/uploads\/2021\/05\/THE_SHOO_SHOOS_065_byFelixGroteloh-1534x2048.jpg 1534w, https:\/\/shoo-shoo.de\/wp-content\/uploads\/2021\/05\/THE_SHOO_SHOOS_065_byFelixGroteloh.jpg 1873w\" sizes=\"auto, (max-width: 767px) 100vw, 767px\" \/><figcaption class=\"blocks-gallery-item__caption\">Foto by Felix Groteloh<\/figcaption><\/figure><\/li><\/ul><\/figure>\n","protected":false},"excerpt":{"rendered":"<p>The Shoo-Shoos pr\u00e4sentieren ihre \u00a0Show \u201eTrouble in Moose Lake\u201c. Nach langer Reise gl\u00fccklich angekommen, genie\u00dfen die sechs Freunde endlich die Ruhe und Idylle auf dem Lande und bem\u00fchen sich redlich, mit dem einfachen Leben, den &hellip; <a href=\"https:\/\/shoo-shoo.de\/Wordpress\/shows\/trouble-in-moose-lake\">Weiterlesen<\/a><\/p>\n","protected":false},"author":1,"featured_media":0,"parent":813,"menu_order":0,"comment_status":"closed","ping_status":"closed","template":"","meta":{"_monsterinsights_skip_tracking":false,"_monsterinsights_sitenote_active":false,"_monsterinsights_sitenote_note":"","_monsterinsights_sitenote_category":0,"footnotes":""},"class_list":["post-985","page","type-page","status-publish","hentry"],"_links":{"self":[{"href":"https:\/\/shoo-shoo.de\/Wordpress\/wp-json\/wp\/v2\/pages\/985","targetHints":{"allow":["GET"]}}],"collection":[{"href":"https:\/\/shoo-shoo.de\/Wordpress\/wp-json\/wp\/v2\/pages"}],"about":[{"href":"https:\/\/shoo-shoo.de\/Wordpress\/wp-json\/wp\/v2\/types\/page"}],"author":[{"embeddable":true,"href":"https:\/\/shoo-shoo.de\/Wordpress\/wp-json\/wp\/v2\/users\/1"}],"replies":[{"embeddable":true,"href":"https:\/\/shoo-shoo.de\/Wordpress\/wp-json\/wp\/v2\/comments?post=985"}],"version-history":[{"count":7,"href":"https:\/\/shoo-shoo.de\/Wordpress\/wp-json\/wp\/v2\/pages\/985\/revisions"}],"predecessor-version":[{"id":1639,"href":"https:\/\/shoo-shoo.de\/Wordpress\/wp-json\/wp\/v2\/pages\/985\/revisions\/1639"}],"up":[{"embeddable":true,"href":"https:\/\/shoo-shoo.de\/Wordpress\/wp-json\/wp\/v2\/pages\/813"}],"wp:attachment":[{"href":"https:\/\/shoo-shoo.de\/Wordpress\/wp-json\/wp\/v2\/media?parent=985"}],"curies":[{"name":"wp","href":"https:\/\/api.w.org\/{rel}","templated":true}]}}