{"id":810,"date":"2015-05-21T16:07:08","date_gmt":"2015-05-21T14:07:08","guid":{"rendered":"http:\/\/shoo-shoo.de\/Wordpress\/?page_id=810"},"modified":"2021-04-16T17:19:59","modified_gmt":"2021-04-16T15:19:59","slug":"jailhouse-show","status":"publish","type":"page","link":"https:\/\/shoo-shoo.de\/Wordpress\/shows\/jailhouse-show","title":{"rendered":"Jailhouse Show"},"content":{"rendered":"<p>\u00a0<\/p>\n<p><img decoding=\"async\" class=\"ngg_displayed_gallery mceItem\" src=\"http:\/\/shoo-shoo.de\/Wordpress\/nextgen-attach_to_post\/preview\/id--811\" alt=\"\" data-mce-placeholder=\"1\" \/><\/p>\n\n\n<div class=\"wp-block-media-text alignwide is-stacked-on-mobile\"><figure class=\"wp-block-media-text__media\"><img loading=\"lazy\" decoding=\"async\" width=\"724\" height=\"1024\" src=\"https:\/\/shoo-shoo.de\/wp-content\/uploads\/2021\/04\/ShooShooJH-1-724x1024.jpg\" alt=\"\" class=\"wp-image-1565 size-full\" srcset=\"https:\/\/shoo-shoo.de\/wp-content\/uploads\/2021\/04\/ShooShooJH-1-724x1024.jpg 724w, https:\/\/shoo-shoo.de\/wp-content\/uploads\/2021\/04\/ShooShooJH-1-212x300.jpg 212w, https:\/\/shoo-shoo.de\/wp-content\/uploads\/2021\/04\/ShooShooJH-1-768x1086.jpg 768w, https:\/\/shoo-shoo.de\/wp-content\/uploads\/2021\/04\/ShooShooJH-1-1086x1536.jpg 1086w, https:\/\/shoo-shoo.de\/wp-content\/uploads\/2021\/04\/ShooShooJH-1.jpg 1400w\" sizes=\"auto, (max-width: 724px) 100vw, 724px\" \/><\/figure><div class=\"wp-block-media-text__content\">\n<p>Unschuldig sind sie im ber\u00fcchtigten M\u00e4nnergef\u00e4ngnis Sing-Sing gelandet. Doch sie machen das Beste aus der Situation:<\/p>\n\n\n\n<p>Ihre Knast-Radiosendung erfreut sich gro\u00dfer Beliebtheit, drinnen bei den Knastbr\u00fcdern und drau\u00dfen bei denen, die es werden wollen&#8230;alles swingt!<br>Bis die Freunde eine schockierende Entdeckung machen&#8230;!<br>Die charmante Freiburger Swing Comedy Truppe The Shoo-Shoos sorgt schon seit Jahren f\u00fcr Furore auf Theater- und Konzertb\u00fchnen.<br>Sie vereinen gekonnt Swingmusik mit Comedy, Glamour, Tanz, Theater und ein wenig Nostalgie.<br>Mit rasantem Witz, reizvollen musikalischen Interpretationen der sch\u00f6nsten Songs der Swing-Jazz-\u00c4ra und dem untr\u00fcglichen Gesp\u00fcr f\u00fcr das richtige Timing pr\u00e4sentiert die sechsk\u00f6pfige Truppe eine musikalische Story mit schmachtendem Close Harmony Gesang und einer Band in Hochform.<\/p>\n<\/div><\/div>\n","protected":false},"excerpt":{"rendered":"<p>\u00a0 Unschuldig sind sie im ber\u00fcchtigten M\u00e4nnergef\u00e4ngnis Sing-Sing gelandet. Doch sie machen das Beste aus der Situation: Ihre Knast-Radiosendung erfreut sich gro\u00dfer Beliebtheit, drinnen bei den Knastbr\u00fcdern und drau\u00dfen bei denen, die es werden wollen&#8230;alles &hellip; <a href=\"https:\/\/shoo-shoo.de\/Wordpress\/shows\/jailhouse-show\">Weiterlesen<\/a><\/p>\n","protected":false},"author":1,"featured_media":0,"parent":813,"menu_order":0,"comment_status":"closed","ping_status":"closed","template":"nosidebar.php","meta":{"_monsterinsights_skip_tracking":false,"_monsterinsights_sitenote_active":false,"_monsterinsights_sitenote_note":"","_monsterinsights_sitenote_category":0,"footnotes":""},"class_list":["post-810","page","type-page","status-publish","hentry"],"_links":{"self":[{"href":"https:\/\/shoo-shoo.de\/Wordpress\/wp-json\/wp\/v2\/pages\/810","targetHints":{"allow":["GET"]}}],"collection":[{"href":"https:\/\/shoo-shoo.de\/Wordpress\/wp-json\/wp\/v2\/pages"}],"about":[{"href":"https:\/\/shoo-shoo.de\/Wordpress\/wp-json\/wp\/v2\/types\/page"}],"author":[{"embeddable":true,"href":"https:\/\/shoo-shoo.de\/Wordpress\/wp-json\/wp\/v2\/users\/1"}],"replies":[{"embeddable":true,"href":"https:\/\/shoo-shoo.de\/Wordpress\/wp-json\/wp\/v2\/comments?post=810"}],"version-history":[{"count":5,"href":"https:\/\/shoo-shoo.de\/Wordpress\/wp-json\/wp\/v2\/pages\/810\/revisions"}],"predecessor-version":[{"id":1566,"href":"https:\/\/shoo-shoo.de\/Wordpress\/wp-json\/wp\/v2\/pages\/810\/revisions\/1566"}],"up":[{"embeddable":true,"href":"https:\/\/shoo-shoo.de\/Wordpress\/wp-json\/wp\/v2\/pages\/813"}],"wp:attachment":[{"href":"https:\/\/shoo-shoo.de\/Wordpress\/wp-json\/wp\/v2\/media?parent=810"}],"curies":[{"name":"wp","href":"https:\/\/api.w.org\/{rel}","templated":true}]}}