{"id":759,"date":"2015-05-19T22:33:44","date_gmt":"2015-05-19T20:33:44","guid":{"rendered":"http:\/\/shoo-shoo.de\/Wordpress\/?page_id=759"},"modified":"2023-05-01T23:26:30","modified_gmt":"2023-05-01T21:26:30","slug":"svanhild-soerenson","status":"publish","type":"page","link":"https:\/\/shoo-shoo.de\/Wordpress\/the-shoo-shoos\/svanhild-soerenson","title":{"rendered":"Svanhild S\u00f6rensen (Anna Bo\u00ebthius)"},"content":{"rendered":"\n<div class=\"wp-block-media-text alignwide is-stacked-on-mobile\"><figure class=\"wp-block-media-text__media\"><img loading=\"lazy\" decoding=\"async\" width=\"1222\" height=\"1024\" src=\"https:\/\/shoo-shoo.de\/wp-content\/uploads\/2021\/03\/P1020101-1222x1024.jpg\" alt=\"\" class=\"wp-image-1505 size-full\" srcset=\"https:\/\/shoo-shoo.de\/wp-content\/uploads\/2021\/03\/P1020101-1222x1024.jpg 1222w, https:\/\/shoo-shoo.de\/wp-content\/uploads\/2021\/03\/P1020101-300x251.jpg 300w, https:\/\/shoo-shoo.de\/wp-content\/uploads\/2021\/03\/P1020101-768x644.jpg 768w, https:\/\/shoo-shoo.de\/wp-content\/uploads\/2021\/03\/P1020101-1536x1287.jpg 1536w, https:\/\/shoo-shoo.de\/wp-content\/uploads\/2021\/03\/P1020101-2048x1716.jpg 2048w\" sizes=\"auto, (max-width: 1222px) 100vw, 1222px\" \/><\/figure><div class=\"wp-block-media-text__content\">\n<p style=\"font-size:21px\">\u201eIch bin vier Jahre durch ganz Amerika gewandert. Hat sich gelohnt!\u201c<\/p>\n<\/div><\/div>\n\n\n<p>\u00a0<\/p>\n<p>\u00a0Ich bin aufgewachsen in Mj\u00f8lker\u00e5en in Norwegen mit Mutter Pernille, Vater S\u00f8ren, den Zwillingbr\u00fcdern H\u00e5kon und Geir, Tante Signhild, den K\u00fchen Rosa, Hilda, Jorid, Vidgis, Edel und Nelly, acht Schweinen, zehn Ziegen, einem Hahn und 12 H\u00fchnern.<br \/>Als ein Brief aus Amerika eingetroffen ist, der berichtet hat, dass der Bruder meines Vaters gestorben ist, hatten meine beiden Br\u00fcder gerade die Zwillingsm\u00e4dchen vom Nachbarhof geheiratet und wollten unseren Hof \u00fcbernehmen. In unserem kleinen Dorf gab es keine jungen M\u00e4nner und die von den Nachbard\u00f6rfern waren weg im Krieg. Ich war \u00fcberfl\u00fcssig geworden.<\/p>\n<p>So wurde beschlossen, dass ich nach Amerika gehen sollte, um das Erbe meines Onkels Evald anzutreten. Er hatte dort eine Ranch aufgebaut.Am 3. Februar 1940 bin ich mit der Milchkutsche nach Bergen gefahren, um dort auf das Schiff \u201eDS Bergensfjord\u201c zu steigen. Zum ersten Mal war ich au\u00dferhalb meines Dorfes. Das war spannend! Leider war es auf dem Schiff sehr eng und schmutzig und viele von den Passagieren wurden krank. Au\u00dferdem gab es viele Ratten, die alles aufgefressen haben&#8230;<br \/>Was ich damals nicht wusste war, dass Norwegen ein paar Monate sp\u00e4ter von Deutschland okkupiert werden sollte und dass der Weg nach Hause versperrt war. Und dass ich ab jetzt auf eigenen Beinen stehen musste&#8230;<\/p>\n\n\n<figure class=\"wp-block-gallery has-nested-images columns-default is-cropped wp-block-gallery-1 is-layout-flex wp-block-gallery-is-layout-flex\">\n<figure class=\"wp-block-image size-large\"><img loading=\"lazy\" decoding=\"async\" width=\"1536\" height=\"1024\" data-id=\"1531\" src=\"https:\/\/shoo-shoo.de\/wp-content\/uploads\/2021\/03\/ShooShoos-Vintage-38-1536x1024.jpg\" alt=\"\" class=\"wp-image-1531\" srcset=\"https:\/\/shoo-shoo.de\/wp-content\/uploads\/2021\/03\/ShooShoos-Vintage-38-1536x1024.jpg 1536w, https:\/\/shoo-shoo.de\/wp-content\/uploads\/2021\/03\/ShooShoos-Vintage-38-300x200.jpg 300w, https:\/\/shoo-shoo.de\/wp-content\/uploads\/2021\/03\/ShooShoos-Vintage-38-768x512.jpg 768w, https:\/\/shoo-shoo.de\/wp-content\/uploads\/2021\/03\/ShooShoos-Vintage-38.jpg 2048w\" sizes=\"auto, (max-width: 1536px) 100vw, 1536px\" \/><\/figure>\n\n\n\n<figure class=\"wp-block-image size-large\"><img loading=\"lazy\" decoding=\"async\" width=\"1365\" height=\"1024\" data-id=\"1521\" src=\"https:\/\/shoo-shoo.de\/wp-content\/uploads\/2021\/03\/P1050849-1365x1024.jpg\" alt=\"\" class=\"wp-image-1521\" srcset=\"https:\/\/shoo-shoo.de\/wp-content\/uploads\/2021\/03\/P1050849-1365x1024.jpg 1365w, https:\/\/shoo-shoo.de\/wp-content\/uploads\/2021\/03\/P1050849-300x225.jpg 300w, https:\/\/shoo-shoo.de\/wp-content\/uploads\/2021\/03\/P1050849-768x576.jpg 768w, https:\/\/shoo-shoo.de\/wp-content\/uploads\/2021\/03\/P1050849-1536x1152.jpg 1536w, https:\/\/shoo-shoo.de\/wp-content\/uploads\/2021\/03\/P1050849-2048x1536.jpg 2048w\" sizes=\"auto, (max-width: 1365px) 100vw, 1365px\" \/><\/figure>\n\n\n\n<figure class=\"wp-block-image size-large\"><img loading=\"lazy\" decoding=\"async\" width=\"683\" height=\"1024\" data-id=\"1526\" src=\"https:\/\/shoo-shoo.de\/wp-content\/uploads\/2021\/03\/Shoo_Shoo-6775-683x1024.jpg\" alt=\"\" class=\"wp-image-1526\" srcset=\"https:\/\/shoo-shoo.de\/wp-content\/uploads\/2021\/03\/Shoo_Shoo-6775-683x1024.jpg 683w, https:\/\/shoo-shoo.de\/wp-content\/uploads\/2021\/03\/Shoo_Shoo-6775-200x300.jpg 200w, https:\/\/shoo-shoo.de\/wp-content\/uploads\/2021\/03\/Shoo_Shoo-6775-768x1152.jpg 768w, https:\/\/shoo-shoo.de\/wp-content\/uploads\/2021\/03\/Shoo_Shoo-6775-1024x1536.jpg 1024w, https:\/\/shoo-shoo.de\/wp-content\/uploads\/2021\/03\/Shoo_Shoo-6775-1365x2048.jpg 1365w, https:\/\/shoo-shoo.de\/wp-content\/uploads\/2021\/03\/Shoo_Shoo-6775-scaled.jpg 1707w\" sizes=\"auto, (max-width: 683px) 100vw, 683px\" \/><\/figure>\n\n\n\n<figure class=\"wp-block-image size-large\"><img loading=\"lazy\" decoding=\"async\" width=\"1365\" height=\"1024\" data-id=\"1513\" src=\"https:\/\/shoo-shoo.de\/wp-content\/uploads\/2021\/03\/P1040436-1365x1024.jpg\" alt=\"\" class=\"wp-image-1513\" srcset=\"https:\/\/shoo-shoo.de\/wp-content\/uploads\/2021\/03\/P1040436-1365x1024.jpg 1365w, https:\/\/shoo-shoo.de\/wp-content\/uploads\/2021\/03\/P1040436-300x225.jpg 300w, https:\/\/shoo-shoo.de\/wp-content\/uploads\/2021\/03\/P1040436-768x576.jpg 768w, https:\/\/shoo-shoo.de\/wp-content\/uploads\/2021\/03\/P1040436-1536x1152.jpg 1536w, https:\/\/shoo-shoo.de\/wp-content\/uploads\/2021\/03\/P1040436-2048x1536.jpg 2048w\" sizes=\"auto, (max-width: 1365px) 100vw, 1365px\" \/><\/figure>\n\n\n\n<figure class=\"wp-block-image size-large\"><img loading=\"lazy\" decoding=\"async\" width=\"1288\" height=\"1024\" data-id=\"1491\" src=\"https:\/\/shoo-shoo.de\/wp-content\/uploads\/2021\/03\/IMG_1015-1288x1024.jpg\" alt=\"\" class=\"wp-image-1491\" srcset=\"https:\/\/shoo-shoo.de\/wp-content\/uploads\/2021\/03\/IMG_1015-1288x1024.jpg 1288w, https:\/\/shoo-shoo.de\/wp-content\/uploads\/2021\/03\/IMG_1015-300x238.jpg 300w, https:\/\/shoo-shoo.de\/wp-content\/uploads\/2021\/03\/IMG_1015-768x610.jpg 768w, https:\/\/shoo-shoo.de\/wp-content\/uploads\/2021\/03\/IMG_1015-1536x1221.jpg 1536w, https:\/\/shoo-shoo.de\/wp-content\/uploads\/2021\/03\/IMG_1015-2048x1628.jpg 2048w\" sizes=\"auto, (max-width: 1288px) 100vw, 1288px\" \/><\/figure>\n\n\n\n<figure class=\"wp-block-image size-large\"><img loading=\"lazy\" decoding=\"async\" width=\"1600\" height=\"902\" data-id=\"1489\" src=\"https:\/\/shoo-shoo.de\/wp-content\/uploads\/2021\/03\/DSC00799-1600x902.jpg\" alt=\"\" class=\"wp-image-1489\" srcset=\"https:\/\/shoo-shoo.de\/wp-content\/uploads\/2021\/03\/DSC00799-1600x902.jpg 1600w, https:\/\/shoo-shoo.de\/wp-content\/uploads\/2021\/03\/DSC00799-300x169.jpg 300w, https:\/\/shoo-shoo.de\/wp-content\/uploads\/2021\/03\/DSC00799-768x433.jpg 768w, https:\/\/shoo-shoo.de\/wp-content\/uploads\/2021\/03\/DSC00799-1536x866.jpg 1536w, https:\/\/shoo-shoo.de\/wp-content\/uploads\/2021\/03\/DSC00799-2048x1154.jpg 2048w\" sizes=\"auto, (max-width: 1600px) 100vw, 1600px\" \/><\/figure>\n\n\n\n<figure class=\"wp-block-image size-large\"><img loading=\"lazy\" decoding=\"async\" width=\"681\" height=\"1024\" data-id=\"1482\" src=\"https:\/\/shoo-shoo.de\/wp-content\/uploads\/2021\/03\/DSC_7661-mit-Logo-681x1024.jpg\" alt=\"\" class=\"wp-image-1482\" srcset=\"https:\/\/shoo-shoo.de\/wp-content\/uploads\/2021\/03\/DSC_7661-mit-Logo-681x1024.jpg 681w, https:\/\/shoo-shoo.de\/wp-content\/uploads\/2021\/03\/DSC_7661-mit-Logo-200x300.jpg 200w, https:\/\/shoo-shoo.de\/wp-content\/uploads\/2021\/03\/DSC_7661-mit-Logo-768x1154.jpg 768w, https:\/\/shoo-shoo.de\/wp-content\/uploads\/2021\/03\/DSC_7661-mit-Logo.jpg 865w\" sizes=\"auto, (max-width: 681px) 100vw, 681px\" \/><\/figure>\n\n\n\n<figure class=\"wp-block-image size-large\"><img loading=\"lazy\" decoding=\"async\" width=\"1300\" height=\"865\" data-id=\"1480\" src=\"https:\/\/shoo-shoo.de\/wp-content\/uploads\/2021\/03\/DSC_7533-mit-Logo.jpg\" alt=\"\" class=\"wp-image-1480\" srcset=\"https:\/\/shoo-shoo.de\/wp-content\/uploads\/2021\/03\/DSC_7533-mit-Logo.jpg 1300w, https:\/\/shoo-shoo.de\/wp-content\/uploads\/2021\/03\/DSC_7533-mit-Logo-300x200.jpg 300w, https:\/\/shoo-shoo.de\/wp-content\/uploads\/2021\/03\/DSC_7533-mit-Logo-768x511.jpg 768w\" sizes=\"auto, (max-width: 1300px) 100vw, 1300px\" \/><\/figure>\n<\/figure>\n","protected":false},"excerpt":{"rendered":"<p>\u201eIch bin vier Jahre durch ganz Amerika gewandert. Hat sich gelohnt!\u201c \u00a0 \u00a0Ich bin aufgewachsen in Mj\u00f8lker\u00e5en in Norwegen mit Mutter Pernille, Vater S\u00f8ren, den Zwillingbr\u00fcdern H\u00e5kon und Geir, Tante Signhild, den K\u00fchen Rosa, Hilda, &hellip; <a href=\"https:\/\/shoo-shoo.de\/Wordpress\/the-shoo-shoos\/svanhild-soerenson\">Weiterlesen<\/a><\/p>\n","protected":false},"author":1,"featured_media":0,"parent":28,"menu_order":0,"comment_status":"closed","ping_status":"closed","template":"nosidebar.php","meta":{"_monsterinsights_skip_tracking":false,"_monsterinsights_sitenote_active":false,"_monsterinsights_sitenote_note":"","_monsterinsights_sitenote_category":0,"footnotes":""},"class_list":["post-759","page","type-page","status-publish","hentry"],"_links":{"self":[{"href":"https:\/\/shoo-shoo.de\/Wordpress\/wp-json\/wp\/v2\/pages\/759","targetHints":{"allow":["GET"]}}],"collection":[{"href":"https:\/\/shoo-shoo.de\/Wordpress\/wp-json\/wp\/v2\/pages"}],"about":[{"href":"https:\/\/shoo-shoo.de\/Wordpress\/wp-json\/wp\/v2\/types\/page"}],"author":[{"embeddable":true,"href":"https:\/\/shoo-shoo.de\/Wordpress\/wp-json\/wp\/v2\/users\/1"}],"replies":[{"embeddable":true,"href":"https:\/\/shoo-shoo.de\/Wordpress\/wp-json\/wp\/v2\/comments?post=759"}],"version-history":[{"count":9,"href":"https:\/\/shoo-shoo.de\/Wordpress\/wp-json\/wp\/v2\/pages\/759\/revisions"}],"predecessor-version":[{"id":1661,"href":"https:\/\/shoo-shoo.de\/Wordpress\/wp-json\/wp\/v2\/pages\/759\/revisions\/1661"}],"up":[{"embeddable":true,"href":"https:\/\/shoo-shoo.de\/Wordpress\/wp-json\/wp\/v2\/pages\/28"}],"wp:attachment":[{"href":"https:\/\/shoo-shoo.de\/Wordpress\/wp-json\/wp\/v2\/media?parent=759"}],"curies":[{"name":"wp","href":"https:\/\/api.w.org\/{rel}","templated":true}]}}