{"id":751,"date":"2015-05-19T22:20:26","date_gmt":"2015-05-19T20:20:26","guid":{"rendered":"http:\/\/shoo-shoo.de\/Wordpress\/?page_id=751"},"modified":"2021-04-29T12:00:06","modified_gmt":"2021-04-29T10:00:06","slug":"maria-de-la-mancha","status":"publish","type":"page","link":"https:\/\/shoo-shoo.de\/Wordpress\/the-shoo-shoos\/maria-de-la-mancha","title":{"rendered":"Maria &#8230;de la Mancha ( Juliane Hollerbach )"},"content":{"rendered":"\n<div class=\"wp-block-media-text alignwide is-stacked-on-mobile is-vertically-aligned-top\"><figure class=\"wp-block-media-text__media\"><img loading=\"lazy\" decoding=\"async\" width=\"875\" height=\"1024\" src=\"https:\/\/shoo-shoo.de\/wp-content\/uploads\/2021\/03\/P1000407-875x1024.jpg\" alt=\"\" class=\"wp-image-1494 size-full\" srcset=\"https:\/\/shoo-shoo.de\/wp-content\/uploads\/2021\/03\/P1000407-875x1024.jpg 875w, https:\/\/shoo-shoo.de\/wp-content\/uploads\/2021\/03\/P1000407-256x300.jpg 256w, https:\/\/shoo-shoo.de\/wp-content\/uploads\/2021\/03\/P1000407-768x899.jpg 768w, https:\/\/shoo-shoo.de\/wp-content\/uploads\/2021\/03\/P1000407-1313x1536.jpg 1313w, https:\/\/shoo-shoo.de\/wp-content\/uploads\/2021\/03\/P1000407-1750x2048.jpg 1750w\" sizes=\"auto, (max-width: 875px) 100vw, 875px\" \/><\/figure><div class=\"wp-block-media-text__content\">\n<p style=\"font-size:21px\">&#8220;Aaah, Isse sooo Superbonito make Musike zusamme mit meine Collegas von die Supetrupe! Habe wir schon sooo viele Aventuras zusamme erlebte! Madre Mia! New York, Chattanooga Choo Choo, Radiant Radio, Carnegie Hall, Sing Sing, Moose Lake und die Blacke Foreste! Gukmal was kommt noch so alles&#8230;Racka Chacka!\u00a0&#8220;<\/p>\n<\/div><\/div>\n\n\n<p><strong>Maria Magdalena Carmencita Dolores Gorilla Gonzalez de los dos Mios Gorgonziaz y Gomez Lopez y Rodriguez de la Mancha<\/strong><\/p>\n<p>Wer genau ihre Eltern waren, ist nicht bekannt, auch nicht, ob sie tats\u00e4chlich spanischer Abstammung ist, was ihre Sprachf\u00e4rbung nahelegt. Sie verbrachte ihre Kindheit und Jugend auf dem Meer und ihre Lehrjahre, als Junge verkleidet, als Maat auf unterschiedlichen Schiffen, die die Weltmeere durchkreuzten.<\/p>\n<p>Als sie dann die Freuden der Liebe kennen- und sch\u00e4tzen lernte, beschloss sie, fortan doch lieber als Frau zu leben und ging in New York an Land, wo sie zuerst in kleinen Bars als S\u00e4ngerin und Tanzgirl auftrat und am Beginn einer recht vielversprechenden Karriere den Mann ihres Lebens traf, der leider kurz nach der Verlobung das Zeitliche segnete&#8230;zumindest machte er die Welt dies glauben. Er war, was sie nicht wusste, einer der gro\u00dfen Mafiapaten und tauchte auf diese Weise unter.<\/p>\n<p>Maria arbeitete weiter im Showbusiness und tr\u00f6stete sich schnell mit einer wachsenden Zahl von Liebhabern, von denen sie nur die f\u00fcr sie leicht aussprechbaren Namen an ihren eigenen Nachnamen anh\u00e4ngte. Warum ihre hei\u00dfe Liaison mit dem polnischen Grafen Wojtech Niklysitslav Przybychilsky zu Vrtybyl oder die Liebe zu dem kenianischen Langstreckenl\u00e4ufer Abgubudugubu Ouagadengundumbundinganda auf diese Weise nicht verewigt wurde, l\u00e4sst sich nur vermuten.<\/p>\n<p>Da sie immer wieder in fragw\u00fcrdige und teilweise kriminelle Aktionen verwickelt war, verbrachte sie ab und zu einige Zeit im Gef\u00e4ngnis, was f\u00fcr sie und ihr sonniges Gem\u00fct immer nur eine weitere spannende M\u00f6glichkeit war, interessante Menschen kennenzulernen. Bewandert in der Kunst des Genderhopping, war sie auch mehrfach in Sing Sing interniert, wo es ihr besonders gut gefiel, da es sich ja hierbei bekannterma\u00dfen um ein M\u00e4nnergef\u00e4ngnis handelt&#8230;<\/p>\n<p>Nachdem sie dort einmal als Frau auf- und daraufhin hinausgeflogen war, wanderte sie mit zwei Freundinnen durch die W\u00fcste nach Las Vegas, das damals brandneu und ein Geheimtipp auch f\u00fcr Showleute war. Dort verbrachte sie l\u00e4ngere Zeit als Showgirl im Hotel Pink Flamingo und lernte ihren Gef\u00e4hrten Spikey Basey Brown, den besten Bassisten und treuesten Freund des Kontinents kennen. Warum die beiden mit ihrer damaligen Band bei Nacht und Nebel aus Las Vegas verschwanden, ist nicht bekannt. Ihre Spur verliert sich in den Kriegswirren von Europa, man munkelt, Maria und Spikey in der Schweiz und in Deutschland im Untergrund Swingmusik machen geh\u00f6rt zu haben.<\/p>\n<p>Offensichtlich verloren die beiden sich ebenfalls auf europ\u00e4ischem Boden, und es muss ein unglaublicher Zufall \u2013 oder eine F\u00fcgung des gro\u00dfen Weltgeistes gewesen sein, dass sie beide zur selben Zeit in New York auf der Pennsylvania Station auftauchten und sich wiederfanden&#8230;<\/p>\n\n\n<figure class=\"wp-block-gallery columns-3 is-cropped wp-block-gallery-1 is-layout-flex wp-block-gallery-is-layout-flex\"><ul class=\"blocks-gallery-grid\"><li class=\"blocks-gallery-item\"><figure><img loading=\"lazy\" decoding=\"async\" width=\"683\" height=\"1024\" src=\"https:\/\/shoo-shoo.de\/wp-content\/uploads\/2021\/03\/Shoo_Shoo-6810-683x1024.jpg\" alt=\"\" data-id=\"1527\" data-full-url=\"https:\/\/shoo-shoo.de\/wp-content\/uploads\/2021\/03\/Shoo_Shoo-6810-scaled.jpg\" data-link=\"https:\/\/shoo-shoo.de\/Wordpress\/shoo_shoo-6810\" class=\"wp-image-1527\" srcset=\"https:\/\/shoo-shoo.de\/wp-content\/uploads\/2021\/03\/Shoo_Shoo-6810-683x1024.jpg 683w, https:\/\/shoo-shoo.de\/wp-content\/uploads\/2021\/03\/Shoo_Shoo-6810-200x300.jpg 200w, https:\/\/shoo-shoo.de\/wp-content\/uploads\/2021\/03\/Shoo_Shoo-6810-768x1152.jpg 768w, https:\/\/shoo-shoo.de\/wp-content\/uploads\/2021\/03\/Shoo_Shoo-6810-1024x1536.jpg 1024w, https:\/\/shoo-shoo.de\/wp-content\/uploads\/2021\/03\/Shoo_Shoo-6810-1365x2048.jpg 1365w, https:\/\/shoo-shoo.de\/wp-content\/uploads\/2021\/03\/Shoo_Shoo-6810-scaled.jpg 1707w\" sizes=\"auto, (max-width: 683px) 100vw, 683px\" \/><\/figure><\/li><li class=\"blocks-gallery-item\"><figure><img loading=\"lazy\" decoding=\"async\" width=\"589\" height=\"1024\" src=\"https:\/\/shoo-shoo.de\/wp-content\/uploads\/2021\/03\/P1040818-589x1024.jpg\" alt=\"\" data-id=\"1518\" data-full-url=\"https:\/\/shoo-shoo.de\/wp-content\/uploads\/2021\/03\/P1040818.jpg\" data-link=\"https:\/\/shoo-shoo.de\/Wordpress\/p1040818\" class=\"wp-image-1518\" srcset=\"https:\/\/shoo-shoo.de\/wp-content\/uploads\/2021\/03\/P1040818-589x1024.jpg 589w, https:\/\/shoo-shoo.de\/wp-content\/uploads\/2021\/03\/P1040818-173x300.jpg 173w, https:\/\/shoo-shoo.de\/wp-content\/uploads\/2021\/03\/P1040818-768x1335.jpg 768w, https:\/\/shoo-shoo.de\/wp-content\/uploads\/2021\/03\/P1040818-883x1536.jpg 883w, https:\/\/shoo-shoo.de\/wp-content\/uploads\/2021\/03\/P1040818-1178x2048.jpg 1178w, https:\/\/shoo-shoo.de\/wp-content\/uploads\/2021\/03\/P1040818.jpg 1248w\" sizes=\"auto, (max-width: 589px) 100vw, 589px\" \/><\/figure><\/li><li class=\"blocks-gallery-item\"><figure><img loading=\"lazy\" decoding=\"async\" width=\"1365\" height=\"1024\" src=\"https:\/\/shoo-shoo.de\/wp-content\/uploads\/2021\/03\/P1040733-1365x1024.jpg\" alt=\"\" data-id=\"1517\" data-full-url=\"https:\/\/shoo-shoo.de\/wp-content\/uploads\/2021\/03\/P1040733-scaled.jpg\" data-link=\"https:\/\/shoo-shoo.de\/Wordpress\/p1040733\" class=\"wp-image-1517\" srcset=\"https:\/\/shoo-shoo.de\/wp-content\/uploads\/2021\/03\/P1040733-1365x1024.jpg 1365w, https:\/\/shoo-shoo.de\/wp-content\/uploads\/2021\/03\/P1040733-300x225.jpg 300w, https:\/\/shoo-shoo.de\/wp-content\/uploads\/2021\/03\/P1040733-768x576.jpg 768w, https:\/\/shoo-shoo.de\/wp-content\/uploads\/2021\/03\/P1040733-1536x1152.jpg 1536w, https:\/\/shoo-shoo.de\/wp-content\/uploads\/2021\/03\/P1040733-2048x1536.jpg 2048w\" sizes=\"auto, (max-width: 1365px) 100vw, 1365px\" \/><\/figure><\/li><li class=\"blocks-gallery-item\"><figure><img loading=\"lazy\" decoding=\"async\" width=\"1365\" height=\"1024\" src=\"https:\/\/shoo-shoo.de\/wp-content\/uploads\/2021\/03\/P1040708-1365x1024.jpg\" alt=\"\" data-id=\"1516\" data-full-url=\"https:\/\/shoo-shoo.de\/wp-content\/uploads\/2021\/03\/P1040708-scaled.jpg\" data-link=\"https:\/\/shoo-shoo.de\/Wordpress\/p1040708\" class=\"wp-image-1516\" srcset=\"https:\/\/shoo-shoo.de\/wp-content\/uploads\/2021\/03\/P1040708-1365x1024.jpg 1365w, https:\/\/shoo-shoo.de\/wp-content\/uploads\/2021\/03\/P1040708-300x225.jpg 300w, https:\/\/shoo-shoo.de\/wp-content\/uploads\/2021\/03\/P1040708-768x576.jpg 768w, https:\/\/shoo-shoo.de\/wp-content\/uploads\/2021\/03\/P1040708-1536x1152.jpg 1536w, https:\/\/shoo-shoo.de\/wp-content\/uploads\/2021\/03\/P1040708-2048x1536.jpg 2048w\" sizes=\"auto, (max-width: 1365px) 100vw, 1365px\" \/><\/figure><\/li><li class=\"blocks-gallery-item\"><figure><img loading=\"lazy\" decoding=\"async\" width=\"1159\" height=\"1024\" src=\"https:\/\/shoo-shoo.de\/wp-content\/uploads\/2021\/03\/P1010962-1159x1024.jpg\" alt=\"\" data-id=\"1503\" data-full-url=\"https:\/\/shoo-shoo.de\/wp-content\/uploads\/2021\/03\/P1010962-scaled.jpg\" data-link=\"https:\/\/shoo-shoo.de\/Wordpress\/p1010962\" class=\"wp-image-1503\" srcset=\"https:\/\/shoo-shoo.de\/wp-content\/uploads\/2021\/03\/P1010962-1159x1024.jpg 1159w, https:\/\/shoo-shoo.de\/wp-content\/uploads\/2021\/03\/P1010962-300x265.jpg 300w, https:\/\/shoo-shoo.de\/wp-content\/uploads\/2021\/03\/P1010962-768x679.jpg 768w, https:\/\/shoo-shoo.de\/wp-content\/uploads\/2021\/03\/P1010962-1536x1357.jpg 1536w, https:\/\/shoo-shoo.de\/wp-content\/uploads\/2021\/03\/P1010962-2048x1810.jpg 2048w\" sizes=\"auto, (max-width: 1159px) 100vw, 1159px\" \/><\/figure><\/li><li class=\"blocks-gallery-item\"><figure><img loading=\"lazy\" decoding=\"async\" width=\"1088\" height=\"1024\" src=\"https:\/\/shoo-shoo.de\/wp-content\/uploads\/2021\/03\/P1010606-1088x1024.jpg\" alt=\"\" data-id=\"1502\" data-full-url=\"https:\/\/shoo-shoo.de\/wp-content\/uploads\/2021\/03\/P1010606.jpg\" data-link=\"https:\/\/shoo-shoo.de\/Wordpress\/p1010606\" class=\"wp-image-1502\" srcset=\"https:\/\/shoo-shoo.de\/wp-content\/uploads\/2021\/03\/P1010606-1088x1024.jpg 1088w, https:\/\/shoo-shoo.de\/wp-content\/uploads\/2021\/03\/P1010606-300x282.jpg 300w, https:\/\/shoo-shoo.de\/wp-content\/uploads\/2021\/03\/P1010606-768x723.jpg 768w, https:\/\/shoo-shoo.de\/wp-content\/uploads\/2021\/03\/P1010606.jpg 1407w\" sizes=\"auto, (max-width: 1088px) 100vw, 1088px\" \/><\/figure><\/li><li class=\"blocks-gallery-item\"><figure><img loading=\"lazy\" decoding=\"async\" width=\"1021\" height=\"1024\" src=\"https:\/\/shoo-shoo.de\/wp-content\/uploads\/2021\/03\/P1020243-1021x1024.jpg\" alt=\"\" data-id=\"1506\" data-full-url=\"https:\/\/shoo-shoo.de\/wp-content\/uploads\/2021\/03\/P1020243-scaled.jpg\" data-link=\"https:\/\/shoo-shoo.de\/Wordpress\/p1020243\" class=\"wp-image-1506\" srcset=\"https:\/\/shoo-shoo.de\/wp-content\/uploads\/2021\/03\/P1020243-1021x1024.jpg 1021w, https:\/\/shoo-shoo.de\/wp-content\/uploads\/2021\/03\/P1020243-300x300.jpg 300w, https:\/\/shoo-shoo.de\/wp-content\/uploads\/2021\/03\/P1020243-150x150.jpg 150w, https:\/\/shoo-shoo.de\/wp-content\/uploads\/2021\/03\/P1020243-768x770.jpg 768w, https:\/\/shoo-shoo.de\/wp-content\/uploads\/2021\/03\/P1020243-1531x1536.jpg 1531w, https:\/\/shoo-shoo.de\/wp-content\/uploads\/2021\/03\/P1020243-2042x2048.jpg 2042w\" sizes=\"auto, (max-width: 1021px) 100vw, 1021px\" \/><\/figure><\/li><li class=\"blocks-gallery-item\"><figure><img loading=\"lazy\" decoding=\"async\" width=\"525\" height=\"1024\" src=\"https:\/\/shoo-shoo.de\/wp-content\/uploads\/2021\/03\/P1000979-525x1024.jpg\" alt=\"\" data-id=\"1500\" data-full-url=\"https:\/\/shoo-shoo.de\/wp-content\/uploads\/2021\/03\/P1000979.jpg\" data-link=\"https:\/\/shoo-shoo.de\/Wordpress\/p1000979\" class=\"wp-image-1500\" srcset=\"https:\/\/shoo-shoo.de\/wp-content\/uploads\/2021\/03\/P1000979-525x1024.jpg 525w, https:\/\/shoo-shoo.de\/wp-content\/uploads\/2021\/03\/P1000979-154x300.jpg 154w, https:\/\/shoo-shoo.de\/wp-content\/uploads\/2021\/03\/P1000979-768x1499.jpg 768w, https:\/\/shoo-shoo.de\/wp-content\/uploads\/2021\/03\/P1000979-787x1536.jpg 787w, https:\/\/shoo-shoo.de\/wp-content\/uploads\/2021\/03\/P1000979.jpg 799w\" sizes=\"auto, (max-width: 525px) 100vw, 525px\" \/><\/figure><\/li><li class=\"blocks-gallery-item\"><figure><img loading=\"lazy\" decoding=\"async\" width=\"875\" height=\"1024\" src=\"https:\/\/shoo-shoo.de\/wp-content\/uploads\/2021\/03\/P1000407-875x1024.jpg\" alt=\"\" data-id=\"1494\" data-full-url=\"https:\/\/shoo-shoo.de\/wp-content\/uploads\/2021\/03\/P1000407-scaled.jpg\" data-link=\"https:\/\/shoo-shoo.de\/Wordpress\/p1000407\" class=\"wp-image-1494\" srcset=\"https:\/\/shoo-shoo.de\/wp-content\/uploads\/2021\/03\/P1000407-875x1024.jpg 875w, https:\/\/shoo-shoo.de\/wp-content\/uploads\/2021\/03\/P1000407-256x300.jpg 256w, https:\/\/shoo-shoo.de\/wp-content\/uploads\/2021\/03\/P1000407-768x899.jpg 768w, https:\/\/shoo-shoo.de\/wp-content\/uploads\/2021\/03\/P1000407-1313x1536.jpg 1313w, https:\/\/shoo-shoo.de\/wp-content\/uploads\/2021\/03\/P1000407-1750x2048.jpg 1750w\" sizes=\"auto, (max-width: 875px) 100vw, 875px\" \/><\/figure><\/li><li class=\"blocks-gallery-item\"><figure><img loading=\"lazy\" decoding=\"async\" width=\"719\" height=\"1024\" src=\"https:\/\/shoo-shoo.de\/wp-content\/uploads\/2021\/03\/DSC_1990-719x1024.jpg\" alt=\"\" data-id=\"1479\" data-full-url=\"https:\/\/shoo-shoo.de\/wp-content\/uploads\/2021\/03\/DSC_1990-scaled.jpg\" data-link=\"https:\/\/shoo-shoo.de\/Wordpress\/dsc_1990\" class=\"wp-image-1479\" srcset=\"https:\/\/shoo-shoo.de\/wp-content\/uploads\/2021\/03\/DSC_1990-719x1024.jpg 719w, https:\/\/shoo-shoo.de\/wp-content\/uploads\/2021\/03\/DSC_1990-211x300.jpg 211w, https:\/\/shoo-shoo.de\/wp-content\/uploads\/2021\/03\/DSC_1990-768x1094.jpg 768w, https:\/\/shoo-shoo.de\/wp-content\/uploads\/2021\/03\/DSC_1990-1079x1536.jpg 1079w, https:\/\/shoo-shoo.de\/wp-content\/uploads\/2021\/03\/DSC_1990-1438x2048.jpg 1438w, https:\/\/shoo-shoo.de\/wp-content\/uploads\/2021\/03\/DSC_1990-scaled.jpg 1798w\" sizes=\"auto, (max-width: 719px) 100vw, 719px\" \/><\/figure><\/li><\/ul><\/figure>\n","protected":false},"excerpt":{"rendered":"<p>&#8220;Aaah, Isse sooo Superbonito make Musike zusamme mit meine Collegas von die Supetrupe! Habe wir schon sooo viele Aventuras zusamme erlebte! Madre Mia! New York, Chattanooga Choo Choo, Radiant Radio, Carnegie Hall, Sing Sing, Moose &hellip; <a href=\"https:\/\/shoo-shoo.de\/Wordpress\/the-shoo-shoos\/maria-de-la-mancha\">Weiterlesen<\/a><\/p>\n","protected":false},"author":1,"featured_media":0,"parent":28,"menu_order":0,"comment_status":"closed","ping_status":"closed","template":"nosidebar.php","meta":{"_monsterinsights_skip_tracking":false,"_monsterinsights_sitenote_active":false,"_monsterinsights_sitenote_note":"","_monsterinsights_sitenote_category":0,"footnotes":""},"class_list":["post-751","page","type-page","status-publish","hentry"],"_links":{"self":[{"href":"https:\/\/shoo-shoo.de\/Wordpress\/wp-json\/wp\/v2\/pages\/751","targetHints":{"allow":["GET"]}}],"collection":[{"href":"https:\/\/shoo-shoo.de\/Wordpress\/wp-json\/wp\/v2\/pages"}],"about":[{"href":"https:\/\/shoo-shoo.de\/Wordpress\/wp-json\/wp\/v2\/types\/page"}],"author":[{"embeddable":true,"href":"https:\/\/shoo-shoo.de\/Wordpress\/wp-json\/wp\/v2\/users\/1"}],"replies":[{"embeddable":true,"href":"https:\/\/shoo-shoo.de\/Wordpress\/wp-json\/wp\/v2\/comments?post=751"}],"version-history":[{"count":10,"href":"https:\/\/shoo-shoo.de\/Wordpress\/wp-json\/wp\/v2\/pages\/751\/revisions"}],"predecessor-version":[{"id":1595,"href":"https:\/\/shoo-shoo.de\/Wordpress\/wp-json\/wp\/v2\/pages\/751\/revisions\/1595"}],"up":[{"embeddable":true,"href":"https:\/\/shoo-shoo.de\/Wordpress\/wp-json\/wp\/v2\/pages\/28"}],"wp:attachment":[{"href":"https:\/\/shoo-shoo.de\/Wordpress\/wp-json\/wp\/v2\/media?parent=751"}],"curies":[{"name":"wp","href":"https:\/\/api.w.org\/{rel}","templated":true}]}}