{"id":578,"date":"2015-05-18T09:10:21","date_gmt":"2015-05-18T07:10:21","guid":{"rendered":"http:\/\/shoo-shoo.de\/Wordpress\/?page_id=578"},"modified":"2021-04-24T17:36:58","modified_gmt":"2021-04-24T15:36:58","slug":"buddy_richman","status":"publish","type":"page","link":"https:\/\/shoo-shoo.de\/Wordpress\/the-shoo-shoos\/buddy_richman","title":{"rendered":"Buddy Richman (Beni Reimann)"},"content":{"rendered":"\n<p><\/p>\n\n\n\n<div class=\"wp-block-media-text alignwide is-stacked-on-mobile\"><figure class=\"wp-block-media-text__media\"><img loading=\"lazy\" decoding=\"async\" width=\"1536\" height=\"1024\" src=\"https:\/\/shoo-shoo.de\/wp-content\/uploads\/2021\/03\/ShooShoos-Vintage-33-1536x1024.jpg\" alt=\"\" class=\"wp-image-1530 size-full\" srcset=\"https:\/\/shoo-shoo.de\/wp-content\/uploads\/2021\/03\/ShooShoos-Vintage-33-1536x1024.jpg 1536w, https:\/\/shoo-shoo.de\/wp-content\/uploads\/2021\/03\/ShooShoos-Vintage-33-300x200.jpg 300w, https:\/\/shoo-shoo.de\/wp-content\/uploads\/2021\/03\/ShooShoos-Vintage-33-768x512.jpg 768w, https:\/\/shoo-shoo.de\/wp-content\/uploads\/2021\/03\/ShooShoos-Vintage-33.jpg 2048w\" sizes=\"auto, (max-width: 1536px) 100vw, 1536px\" \/><\/figure><div class=\"wp-block-media-text__content\">\n<p style=\"font-size:21px\">\u201eWenn ich ehrlich bin, m\u00f6chte ich einfach nur Musik machen.\u201c<\/p>\n<\/div><\/div>\n\n\n\n<p><\/p>\n\n\n\n<p>Ich wurde in New York als j\u00fcngster Sohn eines g\u00e4nzlich erfolglosen Opernkomponisten und einer Schneiderin geboren. Im Gegensatz zu meinem Vater entwickelte ich fr\u00fch eine Vorliebe f\u00fcr Jazzmusik, und meiner Mutter verdanke ich den Sinn f\u00fcr Stil, weswegen ich immer einen guten Anzug trage. Das Schlagzeug entdeckte ich, als ich Buddy Rich mit seiner Big Band sah und feststellte, dass ich fast den gleichen Namen habe.Von diesem Tag an war klar, dass ich nichts\u00a0anderes machen wollte, als in Jazzbands die Trommelst\u00f6cke zu schwingen. Seitdem trieb ich mich in den Jazzclubs von New York herum und spielte, wann und wo auch immer sich die M\u00f6glichkeit bot. Schlie\u00dflich landete ich eher zuf\u00e4llig in Europa, ein Onkel aus der Schweiz verschaffte mir einen Job als Barmusiker in Basel.<br>Meine st\u00e4ndigen n\u00e4chtlichen Eskapaden, h\u00e4ufiges zu sp\u00e4t kommen zu Proben und musikalische Differenzen mit dem Bandleader, der weniger Wert auf musikalische Freiheit als vielmehr auf solides, langweiliges Musiker-Handwerk legte, hatten meinen baldigen Rauswurf aus der Band zur Folge.<br>Zum Gl\u00fcck ergab sich die M\u00f6glichkeit, in einem Fronttheater anzuheuern. Dort lernte ich Spikey kennen, der nicht nur musikalisch, sondern auch vom Lebensstil her bestens zu mir passte. Mir war sofort klar, dass ich mit ihm Abenteuer erleben w\u00fcrde. Wie sich herausstellte, sollte ich Recht behalten&#8230;<\/p>\n\n\n\n<div class=\"wp-block-group\"><div class=\"wp-block-group__inner-container is-layout-flow wp-block-group-is-layout-flow\">\n<figure class=\"wp-block-gallery columns-3 is-cropped wp-block-gallery-1 is-layout-flex wp-block-gallery-is-layout-flex\"><ul class=\"blocks-gallery-grid\"><li class=\"blocks-gallery-item\"><figure><img loading=\"lazy\" decoding=\"async\" width=\"1536\" height=\"1024\" src=\"https:\/\/shoo-shoo.de\/wp-content\/uploads\/2021\/03\/ShooShoos-Vintage-33-1536x1024.jpg\" alt=\"\" data-id=\"1530\" data-full-url=\"https:\/\/shoo-shoo.de\/wp-content\/uploads\/2021\/03\/ShooShoos-Vintage-33.jpg\" data-link=\"https:\/\/shoo-shoo.de\/Wordpress\/shooshoos-vintage-33\" class=\"wp-image-1530\" srcset=\"https:\/\/shoo-shoo.de\/wp-content\/uploads\/2021\/03\/ShooShoos-Vintage-33-1536x1024.jpg 1536w, https:\/\/shoo-shoo.de\/wp-content\/uploads\/2021\/03\/ShooShoos-Vintage-33-300x200.jpg 300w, https:\/\/shoo-shoo.de\/wp-content\/uploads\/2021\/03\/ShooShoos-Vintage-33-768x512.jpg 768w, https:\/\/shoo-shoo.de\/wp-content\/uploads\/2021\/03\/ShooShoos-Vintage-33.jpg 2048w\" sizes=\"auto, (max-width: 1536px) 100vw, 1536px\" \/><\/figure><\/li><li class=\"blocks-gallery-item\"><figure><img loading=\"lazy\" decoding=\"async\" width=\"1365\" height=\"1024\" src=\"https:\/\/shoo-shoo.de\/wp-content\/uploads\/2021\/03\/P1020615-1365x1024.jpg\" alt=\"\" data-id=\"1511\" data-full-url=\"https:\/\/shoo-shoo.de\/wp-content\/uploads\/2021\/03\/P1020615-scaled.jpg\" data-link=\"https:\/\/shoo-shoo.de\/Wordpress\/p1020615\" class=\"wp-image-1511\" srcset=\"https:\/\/shoo-shoo.de\/wp-content\/uploads\/2021\/03\/P1020615-1365x1024.jpg 1365w, https:\/\/shoo-shoo.de\/wp-content\/uploads\/2021\/03\/P1020615-300x225.jpg 300w, https:\/\/shoo-shoo.de\/wp-content\/uploads\/2021\/03\/P1020615-768x576.jpg 768w, https:\/\/shoo-shoo.de\/wp-content\/uploads\/2021\/03\/P1020615-1536x1152.jpg 1536w, https:\/\/shoo-shoo.de\/wp-content\/uploads\/2021\/03\/P1020615-2048x1536.jpg 2048w\" sizes=\"auto, (max-width: 1365px) 100vw, 1365px\" \/><\/figure><\/li><li class=\"blocks-gallery-item\"><figure><img loading=\"lazy\" decoding=\"async\" width=\"1365\" height=\"1024\" src=\"https:\/\/shoo-shoo.de\/wp-content\/uploads\/2021\/03\/P1020291-1365x1024.jpg\" alt=\"\" data-id=\"1509\" data-full-url=\"https:\/\/shoo-shoo.de\/wp-content\/uploads\/2021\/03\/P1020291-scaled.jpg\" data-link=\"https:\/\/shoo-shoo.de\/Wordpress\/p1020291\" class=\"wp-image-1509\" srcset=\"https:\/\/shoo-shoo.de\/wp-content\/uploads\/2021\/03\/P1020291-1365x1024.jpg 1365w, https:\/\/shoo-shoo.de\/wp-content\/uploads\/2021\/03\/P1020291-300x225.jpg 300w, https:\/\/shoo-shoo.de\/wp-content\/uploads\/2021\/03\/P1020291-768x576.jpg 768w, https:\/\/shoo-shoo.de\/wp-content\/uploads\/2021\/03\/P1020291-1536x1152.jpg 1536w, https:\/\/shoo-shoo.de\/wp-content\/uploads\/2021\/03\/P1020291-2048x1536.jpg 2048w\" sizes=\"auto, (max-width: 1365px) 100vw, 1365px\" \/><\/figure><\/li><li class=\"blocks-gallery-item\"><figure><img loading=\"lazy\" decoding=\"async\" width=\"1135\" height=\"1024\" src=\"https:\/\/shoo-shoo.de\/wp-content\/uploads\/2021\/03\/P1000723-1135x1024.jpg\" alt=\"\" data-id=\"1497\" data-full-url=\"https:\/\/shoo-shoo.de\/wp-content\/uploads\/2021\/03\/P1000723-scaled.jpg\" data-link=\"https:\/\/shoo-shoo.de\/Wordpress\/p1000723\" class=\"wp-image-1497\" srcset=\"https:\/\/shoo-shoo.de\/wp-content\/uploads\/2021\/03\/P1000723-1135x1024.jpg 1135w, https:\/\/shoo-shoo.de\/wp-content\/uploads\/2021\/03\/P1000723-300x271.jpg 300w, https:\/\/shoo-shoo.de\/wp-content\/uploads\/2021\/03\/P1000723-768x693.jpg 768w, https:\/\/shoo-shoo.de\/wp-content\/uploads\/2021\/03\/P1000723-1536x1386.jpg 1536w, https:\/\/shoo-shoo.de\/wp-content\/uploads\/2021\/03\/P1000723-2048x1848.jpg 2048w\" sizes=\"auto, (max-width: 1135px) 100vw, 1135px\" \/><\/figure><\/li><li class=\"blocks-gallery-item\"><figure><img loading=\"lazy\" decoding=\"async\" width=\"1100\" height=\"1024\" src=\"https:\/\/shoo-shoo.de\/wp-content\/uploads\/2021\/03\/P1000717-1100x1024.jpg\" alt=\"\" data-id=\"1496\" data-full-url=\"https:\/\/shoo-shoo.de\/wp-content\/uploads\/2021\/03\/P1000717-scaled.jpg\" data-link=\"https:\/\/shoo-shoo.de\/Wordpress\/p1000717\" class=\"wp-image-1496\" srcset=\"https:\/\/shoo-shoo.de\/wp-content\/uploads\/2021\/03\/P1000717-1100x1024.jpg 1100w, https:\/\/shoo-shoo.de\/wp-content\/uploads\/2021\/03\/P1000717-300x279.jpg 300w, https:\/\/shoo-shoo.de\/wp-content\/uploads\/2021\/03\/P1000717-768x715.jpg 768w, https:\/\/shoo-shoo.de\/wp-content\/uploads\/2021\/03\/P1000717-1536x1430.jpg 1536w, https:\/\/shoo-shoo.de\/wp-content\/uploads\/2021\/03\/P1000717-2048x1907.jpg 2048w\" sizes=\"auto, (max-width: 1100px) 100vw, 1100px\" \/><\/figure><\/li><li class=\"blocks-gallery-item\"><figure><img loading=\"lazy\" decoding=\"async\" width=\"1365\" height=\"1024\" src=\"https:\/\/shoo-shoo.de\/wp-content\/uploads\/2021\/03\/P1000695-1365x1024.jpg\" alt=\"\" data-id=\"1495\" data-full-url=\"https:\/\/shoo-shoo.de\/wp-content\/uploads\/2021\/03\/P1000695-scaled.jpg\" data-link=\"https:\/\/shoo-shoo.de\/Wordpress\/p1000695\" class=\"wp-image-1495\" srcset=\"https:\/\/shoo-shoo.de\/wp-content\/uploads\/2021\/03\/P1000695-1365x1024.jpg 1365w, https:\/\/shoo-shoo.de\/wp-content\/uploads\/2021\/03\/P1000695-300x225.jpg 300w, https:\/\/shoo-shoo.de\/wp-content\/uploads\/2021\/03\/P1000695-768x576.jpg 768w, https:\/\/shoo-shoo.de\/wp-content\/uploads\/2021\/03\/P1000695-1536x1152.jpg 1536w, https:\/\/shoo-shoo.de\/wp-content\/uploads\/2021\/03\/P1000695-2048x1536.jpg 2048w\" sizes=\"auto, (max-width: 1365px) 100vw, 1365px\" \/><\/figure><\/li><li class=\"blocks-gallery-item\"><figure><img loading=\"lazy\" decoding=\"async\" width=\"1600\" height=\"863\" src=\"https:\/\/shoo-shoo.de\/wp-content\/uploads\/2021\/03\/DSC00844-1600x863.jpg\" alt=\"\" data-id=\"1490\" data-full-url=\"https:\/\/shoo-shoo.de\/wp-content\/uploads\/2021\/03\/DSC00844-scaled.jpg\" data-link=\"https:\/\/shoo-shoo.de\/Wordpress\/dsc00844\" class=\"wp-image-1490\" srcset=\"https:\/\/shoo-shoo.de\/wp-content\/uploads\/2021\/03\/DSC00844-1600x863.jpg 1600w, https:\/\/shoo-shoo.de\/wp-content\/uploads\/2021\/03\/DSC00844-300x162.jpg 300w, https:\/\/shoo-shoo.de\/wp-content\/uploads\/2021\/03\/DSC00844-768x414.jpg 768w, https:\/\/shoo-shoo.de\/wp-content\/uploads\/2021\/03\/DSC00844-1536x829.jpg 1536w, https:\/\/shoo-shoo.de\/wp-content\/uploads\/2021\/03\/DSC00844-2048x1105.jpg 2048w\" sizes=\"auto, (max-width: 1600px) 100vw, 1600px\" \/><\/figure><\/li><li class=\"blocks-gallery-item\"><figure><img loading=\"lazy\" decoding=\"async\" width=\"1300\" height=\"865\" src=\"https:\/\/shoo-shoo.de\/wp-content\/uploads\/2021\/03\/DSC_7791-mit-Logo.jpg\" alt=\"\" data-id=\"1487\" data-full-url=\"https:\/\/shoo-shoo.de\/wp-content\/uploads\/2021\/03\/DSC_7791-mit-Logo.jpg\" data-link=\"https:\/\/shoo-shoo.de\/Wordpress\/dsc_7791-mit-logo\" class=\"wp-image-1487\" srcset=\"https:\/\/shoo-shoo.de\/wp-content\/uploads\/2021\/03\/DSC_7791-mit-Logo.jpg 1300w, https:\/\/shoo-shoo.de\/wp-content\/uploads\/2021\/03\/DSC_7791-mit-Logo-300x200.jpg 300w, https:\/\/shoo-shoo.de\/wp-content\/uploads\/2021\/03\/DSC_7791-mit-Logo-768x511.jpg 768w\" sizes=\"auto, (max-width: 1300px) 100vw, 1300px\" \/><\/figure><\/li><\/ul><\/figure>\n<\/div><\/div>\n","protected":false},"excerpt":{"rendered":"<p>\u201eWenn ich ehrlich bin, m\u00f6chte ich einfach nur Musik machen.\u201c Ich wurde in New York als j\u00fcngster Sohn eines g\u00e4nzlich erfolglosen Opernkomponisten und einer Schneiderin geboren. Im Gegensatz zu meinem Vater entwickelte ich fr\u00fch eine &hellip; <a href=\"https:\/\/shoo-shoo.de\/Wordpress\/the-shoo-shoos\/buddy_richman\">Weiterlesen<\/a><\/p>\n","protected":false},"author":1,"featured_media":559,"parent":28,"menu_order":0,"comment_status":"closed","ping_status":"closed","template":"nosidebar.php","meta":{"_monsterinsights_skip_tracking":false,"_monsterinsights_sitenote_active":false,"_monsterinsights_sitenote_note":"","_monsterinsights_sitenote_category":0,"footnotes":""},"class_list":["post-578","page","type-page","status-publish","has-post-thumbnail","hentry"],"_links":{"self":[{"href":"https:\/\/shoo-shoo.de\/Wordpress\/wp-json\/wp\/v2\/pages\/578","targetHints":{"allow":["GET"]}}],"collection":[{"href":"https:\/\/shoo-shoo.de\/Wordpress\/wp-json\/wp\/v2\/pages"}],"about":[{"href":"https:\/\/shoo-shoo.de\/Wordpress\/wp-json\/wp\/v2\/types\/page"}],"author":[{"embeddable":true,"href":"https:\/\/shoo-shoo.de\/Wordpress\/wp-json\/wp\/v2\/users\/1"}],"replies":[{"embeddable":true,"href":"https:\/\/shoo-shoo.de\/Wordpress\/wp-json\/wp\/v2\/comments?post=578"}],"version-history":[{"count":48,"href":"https:\/\/shoo-shoo.de\/Wordpress\/wp-json\/wp\/v2\/pages\/578\/revisions"}],"predecessor-version":[{"id":1590,"href":"https:\/\/shoo-shoo.de\/Wordpress\/wp-json\/wp\/v2\/pages\/578\/revisions\/1590"}],"up":[{"embeddable":true,"href":"https:\/\/shoo-shoo.de\/Wordpress\/wp-json\/wp\/v2\/pages\/28"}],"wp:featuredmedia":[{"embeddable":true,"href":"https:\/\/shoo-shoo.de\/Wordpress\/wp-json\/wp\/v2\/media\/559"}],"wp:attachment":[{"href":"https:\/\/shoo-shoo.de\/Wordpress\/wp-json\/wp\/v2\/media?parent=578"}],"curies":[{"name":"wp","href":"https:\/\/api.w.org\/{rel}","templated":true}]}}