{"id":220,"date":"2013-11-20T23:09:30","date_gmt":"2013-11-20T21:09:30","guid":{"rendered":"http:\/\/shoo-shoo.de\/Wordpress\/?page_id=220"},"modified":"2019-02-14T11:06:02","modified_gmt":"2019-02-14T09:06:02","slug":"pressespiegel","status":"publish","type":"page","link":"https:\/\/shoo-shoo.de\/Wordpress\/pressespiegel","title":{"rendered":"Pressespiegel"},"content":{"rendered":"<div class=\"page\" title=\"Page 1\">\n<div class=\"section\">\n<div class=\"layoutArea\">\n<div class=\"column\">\n<p>&#8220;Die ShooShoo&#8230; pr\u00e4sentierten mit unglaublichem Charme, tollen Choreografien und \u00fcberw\u00e4ltigendem Humor ihr Programm. Im zweiten Teil des Abends \u00fcberraschten die Shoo-Shoos mit einer unglaublichen und genial arrangierten Jazz-Version von \u201eDer Mond ist aufgegangen\u201c, die einen nur staunen lie\u00df. Ob auf englisch,spanisch, franz\u00f6sisch oder nat\u00fcrlich auf deutsch, der perfekte Close-HarmonyGesang war jederzeit ein Hochgenuss.&#8221;<\/p>\n<\/div>\n<p style=\"text-align: right;\">BZ Feb. &#8217;19<\/p>\n<div class=\"column\">\n<p style=\"text-align: center;\">\u2014\u2014\u2014\u2014\u2014\u2014\u2014\u2014\u2014\u2014\u2014\u2014\u2014\u2014\u2014\u2014\u2014\u2014\u2014\u2014\u2014\u2014\u2014\u2014&nbsp;<\/p>\n<div class=\"column\">\n<p style=\"text-align: center;\">&nbsp;<\/p>\n<\/div>\n<p>&#8220;Sch\u00f6n ist die Welt\u201d so hie\u00df einer ihrer Songs. Zumindest an diesem Abend glaubte das gut gelaunte Publikum dies nur zu gerne und applaudierte dementsprechend lange, um gleich mehrere Zugaben zu erhalten. Comedy mit Swing, Glamour mit Charme, Tanz mit Theater und ein wenig Nostalgie.&#8221;<\/p>\n<p style=\"text-align: right;\">BZ Feb. &#8217;19<\/p>\n<p style=\"text-align: center;\">\u2014\u2014\u2014\u2014\u2014\u2014\u2014\u2014\u2014\u2014\u2014\u2014\u2014\u2014\u2014\u2014\u2014\u2014\u2014\u2014\u2014\u2014\u2014\u2014&nbsp;<\/p>\n<div class=\"column\">\n<p style=\"text-align: center;\">&nbsp;<\/p>\n<\/div>\n<p>Alles stimmt hier, eine hochgezogene Augenbraue, ein Seitenblick, eine Pausennummer, die die Handlung weitertreibt, und mitrei\u00dfende Songs. Den sonnt\u00e4glichen Kirchgang begleitet &#8220;Blow, Gabriel, blow&#8221; aus &#8220;Anything goes&#8221;, und tats\u00e4chlich gibt es fast nichts, was nicht geht bei den Shoo-Shoos.<\/p>\n<p style=\"text-align: right;\">BZ Dez. &#8217;18<\/p>\n<\/div>\n<p style=\"text-align: center;\">\u2014\u2014\u2014\u2014\u2014\u2014\u2014\u2014\u2014\u2014\u2014\u2014\u2014\u2014\u2014\u2014\u2014\u2014\u2014\u2014\u2014\u2014\u2014\u2014&nbsp;<\/p>\n<div class=\"column\">\n<p style=\"text-align: center;\">In der rasant zusammengepuzzelten Show stimmt vom Lippenstift \u00fcber die Frisur bis hin zu den Choreografien einfach alles.<\/p>\n<p style=\"text-align: right;\">BZ Juli &#8217;17<\/p>\n<p style=\"text-align: center;\">\u2014\u2014\u2014\u2014\u2014\u2014\u2014\u2014\u2014\u2014\u2014\u2014\u2014\u2014\u2014\u2014\u2014\u2014\u2014\u2014\u2014\u2014\u2014\u2014&nbsp;<\/p>\n<p style=\"text-align: center;\">Das L\u00f6ffinger Publikum erlebte atemberaubende Swing-Comedy im Programm der Kutipp-Reihe in L\u00f6ffingen, bei der die Akteure alles gaben.<br \/>\nEs wurde geschwitzt, gest\u00f6hnt, mit gro\u00dfem Volumen Lieder geschmettert wie in der Oper, aber auch einschmeichelnd und sehns\u00fcchtig Gef\u00fchle ins Publikum gehaucht.<br \/>\n&#8220;Forget your trouble, just be happy&#8221; \u2013 diesem Vorschlag folgte das gut gelaunte Publikum im Gebert-Saal nur zu gerne und es applaudierte dementsprechend lange, um eine Zugabe zu erhalten.<br \/>\n(Nochmals) anerkennender Beifall, der von Herzen kam, war der wohlverdiente Lohn f\u00fcr das hochmusikalische Swing-Comedy-Ensemble.&nbsp;<\/p>\n<p style=\"text-align: right;\">BZ Mai &#8217;17<\/p>\n<p style=\"text-align: center;\">\u2014\u2014\u2014\u2014\u2014\u2014\u2014\u2014\u2014\u2014\u2014\u2014\u2014\u2014\u2014\u2014\u2014\u2014\u2014\u2014\u2014\u2014\u2014\u2014&nbsp;<\/p>\n<p style=\"text-align: center;\">&#8220;&#8230;die drei Frontfrauen begeistern mit ihren brillanten Stimmen&#8230;&#8221;<\/p>\n<p style=\"text-align: center;\">&#8220;Shoo-Shoos&#8221; haben am Mittwoch im vollbesetzten M\u00fcnzhof mit ihren<br \/>\nSwing-Comedy &#8220;OnAir&#8221; so richtig f\u00fcr gute Laune gesorgt.&#8221;<\/p>\n<p style=\"text-align: right;\">schw\u00e4bische M\u00e4rz &#8217;17<\/p>\n<p style=\"text-align: center;\">\u2014\u2014\u2014\u2014\u2014\u2014\u2014\u2014\u2014\u2014\u2014\u2014\u2014\u2014\u2014\u2014\u2014\u2014\u2014\u2014\u2014\u2014\u2014\u2014&nbsp;<\/p>\n<p style=\"text-align: center;\">Nie zuvor konnte man \u201eOld Mac Donalds hat a farm\u201c, \u201eSummertime\u201c oder \u201eSingin\u2019 in the rain\u201c<br \/>\nin solch originellen&nbsp;Arrangements h\u00f6ren.<\/p>\n<p style=\"text-align: center;\">Alles in allem sehr zu empfehlen. Beste Unterhaltung: garantiert.<\/p>\n<\/div>\n<\/div>\n<\/div>\n<\/div>\n<div class=\"page\" title=\"Page 1\">\n<div class=\"section\">\n<div class=\"layoutArea\">\n<div class=\"column\">\n<p style=\"text-align: right;\">Kulturjoker M\u00e4rz &#8217;16<\/p>\n<\/div>\n<\/div>\n<\/div>\n<\/div>\n<p style=\"text-align: center;\">\u2014\u2014\u2014\u2014\u2014\u2014\u2014\u2014\u2014\u2014\u2014\u2014\u2014\u2014\u2014\u2014\u2014\u2014\u2014\u2014\u2014\u2014\u2014\u2014<\/p>\n<p style=\"text-align: center;\">&nbsp;Fast jede Szene ist ein Hingucker mit wirbelnden Tanzeinlagen, harmonischen Gesangsarrangements und frischen Interpretationen, es gibt viel zu lachen, die F\u00fc\u00dfe wippen ganz von alleine im Takt. Ein Abend, der richtig gute Laune macht \u2013 nicht nur f\u00fcr Swingfans.<\/p>\n<p style=\"text-align: right;\">BZ Feb.&#8217;16<\/p>\n<p style=\"text-align: center;\">\u2014\u2014\u2014\u2014\u2014\u2014\u2014\u2014\u2014\u2014\u2014\u2014\u2014\u2014\u2014\u2014\u2014\u2014\u2014\u2014\u2014\u2014\u2014\u2014<\/p>\n<p>&#8230;als schwarz-weiss gestreifte H\u00e4ftlinge geben sie dem restlos begeisterten Publikum die energisch geforderte Zugabe&#8230;<\/p>\n<p style=\"text-align: right;\">Sulmtaler Woche, Jan. 16<\/p>\n<p style=\"text-align: center;\">\u2014\u2014\u2014\u2014\u2014\u2014\u2014\u2014\u2014\u2014\u2014\u2014\u2014\u2014\u2014\u2014\u2014\u2014\u2014\u2014\u2014\u2014\u2014\u2014<\/p>\n<p style=\"text-align: center;\">&#8230;Die ausgefeilte Show, bei der jeder Handgriff, jeder Schritt und jede Frisur sa\u00df und der Gesang ein-, zwei- oder dreistimmig f\u00fcr Applaus sorgte, erntete am Ende Bravo-Rufe und begeisterte Pfiffe der Zuh\u00f6rer&#8230;<\/p>\n<p style=\"text-align: right;\">S\u00fcdkurier Okt. &#8217;15<\/p>\n<p style=\"text-align: center;\">\u2014\u2014\u2014\u2014\u2014\u2014\u2014\u2014\u2014\u2014\u2014\u2014\u2014\u2014\u2014\u2014\u2014\u2014\u2014\u2014\u2014\u2014\u2014\u2014<\/p>\n<p style=\"text-align: center;\">&#8230;Angereichert mit viel Witz, neu arrangierten Klassikern des Jazz und einer spannenden Story wickelten die Shoo-Shoos ihr Publikum von der ersten Minute an um den kleinen Finger&#8230;<\/p>\n<p style=\"text-align: right;\">BZ&nbsp;Okt. &#8217;15<\/p>\n<p style=\"text-align: center;\">\u2014\u2014\u2014\u2014\u2014\u2014\u2014\u2014\u2014\u2014\u2014\u2014\u2014\u2014\u2014\u2014\u2014\u2014\u2014\u2014\u2014\u2014\u2014\u2014<\/p>\n<p style=\"text-align: center;\">&#8230;ein unterhaltsamer Swingabend in Str\u00e4flingskleidung &#8211; das Publikum spendet kr\u00e4ftigen Beifall&#8230;<\/p>\n<p style=\"text-align: right;\">volksfreund.de April 15<\/p>\n<p style=\"text-align: center;\">\u2014\u2014\u2014\u2014\u2014\u2014\u2014\u2014\u2014\u2014\u2014\u2014\u2014\u2014\u2014\u2014\u2014\u2014\u2014\u2014\u2014\u2014\u2014\u2014<\/p>\n<p style=\"text-align: center;\">\u2026musikalisch-optisch geht es rund, der Funke springt \u00fcber, das Publikum spendet begeistert Szenenapplaus<\/p>\n<p style=\"text-align: right;\">S\u00fcdkurier Dez. &#8217;14<\/p>\n<p style=\"text-align: center;\">\u2014\u2014\u2014\u2014\u2014\u2014\u2014\u2014\u2014\u2014\u2014\u2014\u2014\u2014\u2014\u2014\u2014\u2014\u2014\u2014\u2014\u2014\u2014\u2014<\/p>\n<p style=\"text-align: center;\">Auf jeden Fall sollte man bei Ihrem n\u00e4chsten Auftritt in Karlsruhe unbedingt hingehen und gute Laune tanken!<\/p>\n<p style=\"text-align: right;\">Kultur in Karlsruhe Mai &#8217;14<\/p>\n<p style=\"text-align: center;\">\u2014\u2014\u2014\u2014\u2014\u2014\u2014\u2014\u2014\u2014\u2014\u2014\u2014\u2014\u2014\u2014\u2014\u2014\u2014\u2014\u2014\u2014\u2014\u2014<\/p>\n<p style=\"text-align: center;\">Im swingenden D-Zug durch die USA &#8211; The Shoo-Shoos begeisterten das Publikum<\/p>\n<p style=\"text-align: right;\">Badische Zeitung Dez.13<\/p>\n<p style=\"text-align: center;\">\u2014\u2014\u2014\u2014\u2014\u2014\u2014\u2014\u2014\u2014\u2014\u2014\u2014\u2014\u2014\u2014\u2014\u2014\u2014\u2014\u2014\u2014\u2014\u2014<br \/>\nMit absurden Geschichten, raffinierten Kost\u00fcme und rasanten Szenenwechseln verbinden \u201eThe Shoo-Shoos\u201c, eine eigene Form des Musiktheaters: Jazzmusik mit Schauspiel und Tanz.<\/p>\n<p style=\"text-align: right;\">Badische Zeitung Nov. 13<\/p>\n<p style=\"text-align: center;\">\u2014\u2014\u2014\u2014\u2014\u2014\u2014\u2014\u2014\u2014\u2014\u2014\u2014\u2014\u2014\u2014\u2014\u2014\u2014\u2014\u2014\u2014\u2014\u2014<br \/>\n&#8230;&#8221;The Shoo-Shoos&#8221; faszinieren mit einer Mischung aus Schauspiel- und Sangeskunst\u2026<\/p>\n<p style=\"text-align: right;\">Badische Zeitung Feb. 13<\/p>\n<p style=\"text-align: center;\">\u2014\u2014\u2014\u2014\u2014\u2014\u2014\u2014\u2014\u2014\u2014\u2014\u2014\u2014\u2014\u2014\u2014\u2014\u2014\u2014\u2014\u2014\u2014\u2014<br \/>\n&#8230;Ein atemberaubender Abend voller Comedy, Charme und Swing&#8230;&#8230;The Shoo-Shoos begeistern mit einer fernsehreifen Vorstellung voller Glamour, Nostalgie, Musik und hoher schauspielerischer Professionalit\u00e4t sowie einer immensen B\u00fchnenpr\u00e4senz&#8230;<\/p>\n<p style=\"text-align: right;\">Elzt\u00e4ler Wochenbericht, Jan.13<\/p>\n<p style=\"text-align: center;\">\u2014\u2014\u2014\u2014\u2014\u2014\u2014\u2014\u2014\u2014\u2014\u2014\u2014\u2014\u2014\u2014\u2014\u2014\u2014\u2014\u2014\u2014\u2014\u2014<br \/>\n&#8230;Eine Bigband im Kleinformat. Vielseitig, abwechslungsreich, mit einer individuellen Note und mit einem Augenzwinkern&#8230;<\/p>\n<p style=\"text-align: right;\">Stuz, Juni12<\/p>\n<p style=\"text-align: center;\">\u2014\u2014\u2014\u2014\u2014\u2014\u2014\u2014\u2014\u2014\u2014\u2014\u2014\u2014\u2014\u2014\u2014\u2014\u2014\u2014\u2014\u2014\u2014\u2014<br \/>\n&#8230;Musikalisch \u00e4u\u00dferst vielseitig&#8230;Die Texte sind witzig, oft frivol, immer geistreich&#8230;<\/p>\n<p style=\"text-align: right;\">S\u00fcdkurier, April 12<\/p>\n<p style=\"text-align: center;\">\u2014\u2014\u2014\u2014\u2014\u2014\u2014\u2014\u2014\u2014\u2014\u2014\u2014\u2014\u2014\u2014\u2014\u2014\u2014\u2014\u2014\u2014\u2014\u2014<br \/>\n&#8230;Das ist perfekte Tanzshow, fliegender Kost\u00fcmwechsel, Profigesang und eine Band in Bestform&#8230;<\/p>\n<p style=\"text-align: right;\">Badische Zeitung, Jan. 11<\/p>\n<p style=\"text-align: center;\">\u2014\u2014\u2014\u2014\u2014\u2014\u2014\u2014\u2014\u2014\u2014\u2014\u2014\u2014\u2014\u2014\u2014\u2014\u2014\u2014\u2014\u2014\u2014\u2014<br \/>\n&#8230;\u00dcberhaupt gab es nicht nur erstklassige Musik zu h\u00f6ren, die Ladies boten auch viel f\u00fcrs Auge&#8230;<\/p>\n<p style=\"text-align: right;\">S\u00fcdkurier,&nbsp; Feb. 10<\/p>\n<p style=\"text-align: center;\">\u2014\u2014\u2014\u2014\u2014\u2014\u2014\u2014\u2014\u2014\u2014\u2014\u2014\u2014\u2014\u2014\u2014\u2014\u2014\u2014\u2014\u2014\u2014\u2014<br \/>\n&#8230;Von der Kreativit\u00e4t, Vitalit\u00e4t und Spielfreude der sechs Vollblutmusiker war das Publikum hingerissen und konnte kaum genug bekommen&#8230;<\/p>\n<p style=\"text-align: right;\">Schwarzwaldbote, Feb. 10<\/p>\n","protected":false},"excerpt":{"rendered":"<p>&#8220;Die ShooShoo&#8230; pr\u00e4sentierten mit unglaublichem Charme, tollen Choreografien und \u00fcberw\u00e4ltigendem Humor ihr Programm. Im zweiten Teil des Abends \u00fcberraschten die Shoo-Shoos mit einer unglaublichen und genial arrangierten Jazz-Version von \u201eDer Mond ist aufgegangen\u201c, die einen &hellip; <a href=\"https:\/\/shoo-shoo.de\/Wordpress\/pressespiegel\">Weiterlesen<\/a><\/p>\n","protected":false},"author":1,"featured_media":0,"parent":0,"menu_order":0,"comment_status":"closed","ping_status":"closed","template":"nosidebar.php","meta":{"_monsterinsights_skip_tracking":false,"_monsterinsights_sitenote_active":false,"_monsterinsights_sitenote_note":"","_monsterinsights_sitenote_category":0,"footnotes":""},"class_list":["post-220","page","type-page","status-publish","hentry"],"_links":{"self":[{"href":"https:\/\/shoo-shoo.de\/Wordpress\/wp-json\/wp\/v2\/pages\/220","targetHints":{"allow":["GET"]}}],"collection":[{"href":"https:\/\/shoo-shoo.de\/Wordpress\/wp-json\/wp\/v2\/pages"}],"about":[{"href":"https:\/\/shoo-shoo.de\/Wordpress\/wp-json\/wp\/v2\/types\/page"}],"author":[{"embeddable":true,"href":"https:\/\/shoo-shoo.de\/Wordpress\/wp-json\/wp\/v2\/users\/1"}],"replies":[{"embeddable":true,"href":"https:\/\/shoo-shoo.de\/Wordpress\/wp-json\/wp\/v2\/comments?post=220"}],"version-history":[{"count":36,"href":"https:\/\/shoo-shoo.de\/Wordpress\/wp-json\/wp\/v2\/pages\/220\/revisions"}],"predecessor-version":[{"id":1421,"href":"https:\/\/shoo-shoo.de\/Wordpress\/wp-json\/wp\/v2\/pages\/220\/revisions\/1421"}],"wp:attachment":[{"href":"https:\/\/shoo-shoo.de\/Wordpress\/wp-json\/wp\/v2\/media?parent=220"}],"curies":[{"name":"wp","href":"https:\/\/api.w.org\/{rel}","templated":true}]}}