{"id":1641,"date":"2023-03-07T17:00:47","date_gmt":"2023-03-07T15:00:47","guid":{"rendered":"https:\/\/shoo-shoo.de\/Wordpress\/?page_id=1641"},"modified":"2023-03-07T17:01:40","modified_gmt":"2023-03-07T15:01:40","slug":"der-schatz-im-titisee","status":"publish","type":"page","link":"https:\/\/shoo-shoo.de\/Wordpress\/shows\/der-schatz-im-titisee","title":{"rendered":"Der Schatz im Titisee"},"content":{"rendered":"\n<p>The Shoo-Shoos haben das gro\u00dfe Los gezogen: Festanstellung als Hausband im brandneuen Luxushotel ,,Savoy\u00bb! Aber es gibt da ein kleines Problem &#8211; das Hotel befindet sich nicht in New York, nicht mal in Amerika&#8230; Ein adeliger, weitgereister Gesch\u00e4ftsmann m\u00f6chte amerikanische Kultur, High Society und Jet Set in seiner provinziellen Heimatstadt etablieren. Daf\u00fcr soll nicht zuletzt das Engagement der genialen, original-amerikanischen Swingband ,,The Shoo-Shoos\u00ab sorgen.&nbsp;Als dann aber M\u00e4zen Georg Eisele (der 3.) zur gro\u00dfen feierlichen Er\u00f6ffnungsgala die Cr\u00e8me de la Cr\u00e8me des europ\u00e4ischen Adels und der Prominenz einl\u00e4dt, kommt es nach dem umjubelten Auftritt der ,,Shoo-Shoos\u00bb zum Eklat.&nbsp;<\/p>\n\n\n\n<figure class=\"wp-block-image size-full is-resized\"><img loading=\"lazy\" decoding=\"async\" src=\"https:\/\/shoo-shoo.de\/wp-content\/uploads\/2023\/03\/SHO_Poster_web_quadratisch.png\" alt=\"\" class=\"wp-image-1642\" width=\"316\" height=\"319\" srcset=\"https:\/\/shoo-shoo.de\/wp-content\/uploads\/2023\/03\/SHO_Poster_web_quadratisch.png 842w, https:\/\/shoo-shoo.de\/wp-content\/uploads\/2023\/03\/SHO_Poster_web_quadratisch-296x300.png 296w, https:\/\/shoo-shoo.de\/wp-content\/uploads\/2023\/03\/SHO_Poster_web_quadratisch-150x150.png 150w, https:\/\/shoo-shoo.de\/wp-content\/uploads\/2023\/03\/SHO_Poster_web_quadratisch-768x778.png 768w\" sizes=\"auto, (max-width: 316px) 100vw, 316px\" \/><\/figure>\n\n\n\n<p>Die f\u00fcnfte Show der Shoo-Shoos hat es auch dieses Mal wieder in sich &#8211; mit viel Witz, Charme und Raffinesse ist hier erneut eine aberwitzige Story gesponnen worden. Und wie \u00fcblich bildet die Musik den Rahmen, der alles zusammen h\u00e4lt. Es sind wieder Interpretationen aus verschiedensten Genres und dieses Mal auch Eigenkompositionen zu h\u00f6ren &#8211; perfekt arrangiert f\u00fcr die drei harmonierenden Frauenstimmen und die Band.&nbsp;<\/p>\n\n\n\n<p>Die Premiere ist am 10. April 2023 im Wallgraben Theater in Freiburg, weitere Termine sind 11. und 12. April 2023.&nbsp;<\/p>\n","protected":false},"excerpt":{"rendered":"<p>The Shoo-Shoos haben das gro\u00dfe Los gezogen: Festanstellung als Hausband im brandneuen Luxushotel ,,Savoy\u00bb! Aber es gibt da ein kleines Problem &#8211; das Hotel befindet sich nicht in New York, nicht mal in Amerika&#8230; Ein &hellip; <a href=\"https:\/\/shoo-shoo.de\/Wordpress\/shows\/der-schatz-im-titisee\">Weiterlesen<\/a><\/p>\n","protected":false},"author":1,"featured_media":0,"parent":813,"menu_order":0,"comment_status":"closed","ping_status":"closed","template":"","meta":{"_monsterinsights_skip_tracking":false,"_monsterinsights_sitenote_active":false,"_monsterinsights_sitenote_note":"","_monsterinsights_sitenote_category":0,"footnotes":""},"class_list":["post-1641","page","type-page","status-publish","hentry"],"_links":{"self":[{"href":"https:\/\/shoo-shoo.de\/Wordpress\/wp-json\/wp\/v2\/pages\/1641","targetHints":{"allow":["GET"]}}],"collection":[{"href":"https:\/\/shoo-shoo.de\/Wordpress\/wp-json\/wp\/v2\/pages"}],"about":[{"href":"https:\/\/shoo-shoo.de\/Wordpress\/wp-json\/wp\/v2\/types\/page"}],"author":[{"embeddable":true,"href":"https:\/\/shoo-shoo.de\/Wordpress\/wp-json\/wp\/v2\/users\/1"}],"replies":[{"embeddable":true,"href":"https:\/\/shoo-shoo.de\/Wordpress\/wp-json\/wp\/v2\/comments?post=1641"}],"version-history":[{"count":1,"href":"https:\/\/shoo-shoo.de\/Wordpress\/wp-json\/wp\/v2\/pages\/1641\/revisions"}],"predecessor-version":[{"id":1643,"href":"https:\/\/shoo-shoo.de\/Wordpress\/wp-json\/wp\/v2\/pages\/1641\/revisions\/1643"}],"up":[{"embeddable":true,"href":"https:\/\/shoo-shoo.de\/Wordpress\/wp-json\/wp\/v2\/pages\/813"}],"wp:attachment":[{"href":"https:\/\/shoo-shoo.de\/Wordpress\/wp-json\/wp\/v2\/media?parent=1641"}],"curies":[{"name":"wp","href":"https:\/\/api.w.org\/{rel}","templated":true}]}}