{"id":1385,"date":"2018-09-15T10:16:50","date_gmt":"2018-09-15T08:16:50","guid":{"rendered":"https:\/\/shoo-shoo.de\/Wordpress\/?page_id=1385"},"modified":"2021-05-05T08:42:31","modified_gmt":"2021-05-05T06:42:31","slug":"black-forest-swing","status":"publish","type":"page","link":"https:\/\/shoo-shoo.de\/Wordpress\/shows\/black-forest-swing","title":{"rendered":"Black Forest Swing"},"content":{"rendered":"\n<div class=\"wp-block-media-text alignwide is-stacked-on-mobile\"><figure class=\"wp-block-media-text__media\"><img loading=\"lazy\" decoding=\"async\" width=\"707\" height=\"1000\" src=\"https:\/\/shoo-shoo.de\/wp-content\/uploads\/2021\/04\/ShooShoo18_Plakat_A1_Black_Forest_Swing_web-1.jpg\" alt=\"\" class=\"wp-image-1559 size-full\" srcset=\"https:\/\/shoo-shoo.de\/wp-content\/uploads\/2021\/04\/ShooShoo18_Plakat_A1_Black_Forest_Swing_web-1.jpg 707w, https:\/\/shoo-shoo.de\/wp-content\/uploads\/2021\/04\/ShooShoo18_Plakat_A1_Black_Forest_Swing_web-1-212x300.jpg 212w\" sizes=\"auto, (max-width: 707px) 100vw, 707px\" \/><\/figure><div class=\"wp-block-media-text__content\">\n<p>Seit fast einem Jahrzehnt bringen The Shoo-Shoos ihr Publikum zum Kichern, Jubeln und Mitswingen. Inzwischen haben drei inhaltlich zusammenh\u00e4ngende B\u00fchnenshows die Shoo-Shoo-Saga zu einer runden Sache gemacht.&nbsp;<\/p>\n\n\n\n<p>Nun schl\u00e4gt die quicklebendige Truppe ein neues Kapitel auf und setzt den Focus noch st\u00e4rker auf die Musik. Im neuen Konzertprogramm begeben sich die sechs Freunde auf einen wilden Wandertrip durch das musikalische Unterholz, vom American Songbook hin zu europ\u00e4ischen Wurzeln. Ausgehend von der Schwarzw\u00e4lder Wahlheimat gehen sie auf Schatzsuche, heben \u00fcberraschende musikalische Fundst\u00fccke und schmieden daraus neue Kostbarkeiten im typischen Shoo-Shoo-Stil. Nebenbei erlebt das Publikum den Schwarzwald auf eine ganz eigene Art \u2013 von Yetis bis hin zum Jodeln\u2026<\/p>\n\n\n\n<p>Black Forest Swing ist eine rasante Songrevue voller wirbelnder R\u00f6cke und schr\u00e4gem Humor, gepr\u00e4gt von den drei charaktervollen, wunderbar harmonierenden Frauenstimmen und dem gl\u00e4nzend aufgelegten Instrumentaltrio.<\/p>\n<\/div><\/div>\n\n\n\n<figure class=\"wp-block-gallery columns-3 is-cropped wp-block-gallery-1 is-layout-flex wp-block-gallery-is-layout-flex\"><ul class=\"blocks-gallery-grid\"><li class=\"blocks-gallery-item\"><figure><img loading=\"lazy\" decoding=\"async\" width=\"1536\" height=\"1024\" src=\"https:\/\/shoo-shoo.de\/wp-content\/uploads\/2021\/05\/THE_SHOO_SHOOS_03_PRINT_byFelixGroteloh-1536x1024.jpg\" alt=\"\" data-id=\"1604\" data-full-url=\"https:\/\/shoo-shoo.de\/wp-content\/uploads\/2021\/05\/THE_SHOO_SHOOS_03_PRINT_byFelixGroteloh-scaled.jpg\" data-link=\"https:\/\/shoo-shoo.de\/Wordpress\/shows\/black-forest-swing\/attachment\/the-shoo-shoos-black-forest-swing\" class=\"wp-image-1604\" srcset=\"https:\/\/shoo-shoo.de\/wp-content\/uploads\/2021\/05\/THE_SHOO_SHOOS_03_PRINT_byFelixGroteloh-1536x1024.jpg 1536w, https:\/\/shoo-shoo.de\/wp-content\/uploads\/2021\/05\/THE_SHOO_SHOOS_03_PRINT_byFelixGroteloh-300x200.jpg 300w, https:\/\/shoo-shoo.de\/wp-content\/uploads\/2021\/05\/THE_SHOO_SHOOS_03_PRINT_byFelixGroteloh-768x512.jpg 768w, https:\/\/shoo-shoo.de\/wp-content\/uploads\/2021\/05\/THE_SHOO_SHOOS_03_PRINT_byFelixGroteloh-2048x1365.jpg 2048w\" sizes=\"auto, (max-width: 1536px) 100vw, 1536px\" \/><figcaption class=\"blocks-gallery-item__caption\">Foto: Felix Groteloh<\/figcaption><\/figure><\/li><li class=\"blocks-gallery-item\"><figure><img loading=\"lazy\" decoding=\"async\" width=\"1536\" height=\"1024\" src=\"https:\/\/shoo-shoo.de\/wp-content\/uploads\/2021\/05\/ShooShoos-Color-6-1536x1024.jpg\" alt=\"\" data-id=\"1615\" data-full-url=\"https:\/\/shoo-shoo.de\/wp-content\/uploads\/2021\/05\/ShooShoos-Color-6.jpg\" data-link=\"https:\/\/shoo-shoo.de\/Wordpress\/shows\/black-forest-swing\/attachment\/shooshoos-color-6\" class=\"wp-image-1615\" srcset=\"https:\/\/shoo-shoo.de\/wp-content\/uploads\/2021\/05\/ShooShoos-Color-6-1536x1024.jpg 1536w, https:\/\/shoo-shoo.de\/wp-content\/uploads\/2021\/05\/ShooShoos-Color-6-300x200.jpg 300w, https:\/\/shoo-shoo.de\/wp-content\/uploads\/2021\/05\/ShooShoos-Color-6-768x512.jpg 768w, https:\/\/shoo-shoo.de\/wp-content\/uploads\/2021\/05\/ShooShoos-Color-6.jpg 2048w\" sizes=\"auto, (max-width: 1536px) 100vw, 1536px\" \/><\/figure><\/li><li class=\"blocks-gallery-item\"><figure><img loading=\"lazy\" decoding=\"async\" width=\"1365\" height=\"1024\" src=\"https:\/\/shoo-shoo.de\/wp-content\/uploads\/2021\/05\/P1040466-1365x1024.jpg\" alt=\"\" data-id=\"1616\" data-full-url=\"https:\/\/shoo-shoo.de\/wp-content\/uploads\/2021\/05\/P1040466-scaled.jpg\" data-link=\"https:\/\/shoo-shoo.de\/Wordpress\/shows\/black-forest-swing\/attachment\/p1040466\" class=\"wp-image-1616\" srcset=\"https:\/\/shoo-shoo.de\/wp-content\/uploads\/2021\/05\/P1040466-1365x1024.jpg 1365w, https:\/\/shoo-shoo.de\/wp-content\/uploads\/2021\/05\/P1040466-300x225.jpg 300w, https:\/\/shoo-shoo.de\/wp-content\/uploads\/2021\/05\/P1040466-768x576.jpg 768w, https:\/\/shoo-shoo.de\/wp-content\/uploads\/2021\/05\/P1040466-1536x1152.jpg 1536w, https:\/\/shoo-shoo.de\/wp-content\/uploads\/2021\/05\/P1040466-2048x1536.jpg 2048w\" sizes=\"auto, (max-width: 1365px) 100vw, 1365px\" \/><\/figure><\/li><li class=\"blocks-gallery-item\"><figure><img loading=\"lazy\" decoding=\"async\" width=\"1365\" height=\"1024\" src=\"https:\/\/shoo-shoo.de\/wp-content\/uploads\/2021\/05\/P1040539-1365x1024.jpg\" alt=\"\" data-id=\"1614\" data-full-url=\"https:\/\/shoo-shoo.de\/wp-content\/uploads\/2021\/05\/P1040539-scaled.jpg\" data-link=\"https:\/\/shoo-shoo.de\/Wordpress\/shows\/black-forest-swing\/attachment\/p1040539\" class=\"wp-image-1614\" srcset=\"https:\/\/shoo-shoo.de\/wp-content\/uploads\/2021\/05\/P1040539-1365x1024.jpg 1365w, https:\/\/shoo-shoo.de\/wp-content\/uploads\/2021\/05\/P1040539-300x225.jpg 300w, https:\/\/shoo-shoo.de\/wp-content\/uploads\/2021\/05\/P1040539-768x576.jpg 768w, https:\/\/shoo-shoo.de\/wp-content\/uploads\/2021\/05\/P1040539-1536x1152.jpg 1536w, https:\/\/shoo-shoo.de\/wp-content\/uploads\/2021\/05\/P1040539-2048x1536.jpg 2048w\" sizes=\"auto, (max-width: 1365px) 100vw, 1365px\" \/><\/figure><\/li><li class=\"blocks-gallery-item\"><figure><img loading=\"lazy\" decoding=\"async\" width=\"1495\" height=\"1024\" src=\"https:\/\/shoo-shoo.de\/wp-content\/uploads\/2021\/05\/P1040475-1495x1024.jpg\" alt=\"\" data-id=\"1613\" data-full-url=\"https:\/\/shoo-shoo.de\/wp-content\/uploads\/2021\/05\/P1040475-scaled.jpg\" data-link=\"https:\/\/shoo-shoo.de\/Wordpress\/shows\/black-forest-swing\/attachment\/p1040475\" class=\"wp-image-1613\" srcset=\"https:\/\/shoo-shoo.de\/wp-content\/uploads\/2021\/05\/P1040475-1495x1024.jpg 1495w, https:\/\/shoo-shoo.de\/wp-content\/uploads\/2021\/05\/P1040475-300x206.jpg 300w, https:\/\/shoo-shoo.de\/wp-content\/uploads\/2021\/05\/P1040475-768x526.jpg 768w, https:\/\/shoo-shoo.de\/wp-content\/uploads\/2021\/05\/P1040475-1536x1052.jpg 1536w, https:\/\/shoo-shoo.de\/wp-content\/uploads\/2021\/05\/P1040475-2048x1403.jpg 2048w\" sizes=\"auto, (max-width: 1495px) 100vw, 1495px\" \/><\/figure><\/li><li class=\"blocks-gallery-item\"><figure><img loading=\"lazy\" decoding=\"async\" width=\"1600\" height=\"1019\" src=\"https:\/\/shoo-shoo.de\/wp-content\/uploads\/2021\/05\/2018-07-Shoo-Shoos-Kirchzarten_27-07-18_0116-1600x1019.jpg\" alt=\"\" data-id=\"1612\" data-full-url=\"https:\/\/shoo-shoo.de\/wp-content\/uploads\/2021\/05\/2018-07-Shoo-Shoos-Kirchzarten_27-07-18_0116-scaled.jpg\" data-link=\"https:\/\/shoo-shoo.de\/Wordpress\/shows\/black-forest-swing\/attachment\/2018-07-shoo-shoos-kirchzarten_27-07-18_0116\" class=\"wp-image-1612\" srcset=\"https:\/\/shoo-shoo.de\/wp-content\/uploads\/2021\/05\/2018-07-Shoo-Shoos-Kirchzarten_27-07-18_0116-1600x1019.jpg 1600w, https:\/\/shoo-shoo.de\/wp-content\/uploads\/2021\/05\/2018-07-Shoo-Shoos-Kirchzarten_27-07-18_0116-300x191.jpg 300w, https:\/\/shoo-shoo.de\/wp-content\/uploads\/2021\/05\/2018-07-Shoo-Shoos-Kirchzarten_27-07-18_0116-768x489.jpg 768w, https:\/\/shoo-shoo.de\/wp-content\/uploads\/2021\/05\/2018-07-Shoo-Shoos-Kirchzarten_27-07-18_0116-1536x978.jpg 1536w, https:\/\/shoo-shoo.de\/wp-content\/uploads\/2021\/05\/2018-07-Shoo-Shoos-Kirchzarten_27-07-18_0116-2048x1304.jpg 2048w\" sizes=\"auto, (max-width: 1600px) 100vw, 1600px\" \/><\/figure><\/li><li class=\"blocks-gallery-item\"><figure><img loading=\"lazy\" decoding=\"async\" width=\"1243\" height=\"1024\" src=\"https:\/\/shoo-shoo.de\/wp-content\/uploads\/2021\/05\/P1040606-1243x1024.jpg\" alt=\"\" data-id=\"1611\" data-full-url=\"https:\/\/shoo-shoo.de\/wp-content\/uploads\/2021\/05\/P1040606-scaled.jpg\" data-link=\"https:\/\/shoo-shoo.de\/Wordpress\/shows\/black-forest-swing\/attachment\/p1040606\" class=\"wp-image-1611\" srcset=\"https:\/\/shoo-shoo.de\/wp-content\/uploads\/2021\/05\/P1040606-1243x1024.jpg 1243w, https:\/\/shoo-shoo.de\/wp-content\/uploads\/2021\/05\/P1040606-300x247.jpg 300w, https:\/\/shoo-shoo.de\/wp-content\/uploads\/2021\/05\/P1040606-768x633.jpg 768w, https:\/\/shoo-shoo.de\/wp-content\/uploads\/2021\/05\/P1040606-1536x1266.jpg 1536w, https:\/\/shoo-shoo.de\/wp-content\/uploads\/2021\/05\/P1040606-2048x1688.jpg 2048w\" sizes=\"auto, (max-width: 1243px) 100vw, 1243px\" \/><\/figure><\/li><li class=\"blocks-gallery-item\"><figure><img loading=\"lazy\" decoding=\"async\" width=\"1600\" height=\"902\" src=\"https:\/\/shoo-shoo.de\/wp-content\/uploads\/2021\/05\/DSC00795-1600x902.jpg\" alt=\"\" data-id=\"1610\" data-full-url=\"https:\/\/shoo-shoo.de\/wp-content\/uploads\/2021\/05\/DSC00795-scaled.jpg\" data-link=\"https:\/\/shoo-shoo.de\/Wordpress\/shows\/black-forest-swing\/attachment\/dsc00795\" class=\"wp-image-1610\" srcset=\"https:\/\/shoo-shoo.de\/wp-content\/uploads\/2021\/05\/DSC00795-1600x902.jpg 1600w, https:\/\/shoo-shoo.de\/wp-content\/uploads\/2021\/05\/DSC00795-300x169.jpg 300w, https:\/\/shoo-shoo.de\/wp-content\/uploads\/2021\/05\/DSC00795-768x433.jpg 768w, https:\/\/shoo-shoo.de\/wp-content\/uploads\/2021\/05\/DSC00795-1536x866.jpg 1536w, https:\/\/shoo-shoo.de\/wp-content\/uploads\/2021\/05\/DSC00795-2048x1154.jpg 2048w\" sizes=\"auto, (max-width: 1600px) 100vw, 1600px\" \/><\/figure><\/li><li class=\"blocks-gallery-item\"><figure><img loading=\"lazy\" decoding=\"async\" width=\"1600\" height=\"1015\" src=\"https:\/\/shoo-shoo.de\/wp-content\/uploads\/2021\/05\/P1040624-1600x1015.jpg\" alt=\"\" data-id=\"1603\" data-full-url=\"https:\/\/shoo-shoo.de\/wp-content\/uploads\/2021\/05\/P1040624-scaled.jpg\" data-link=\"https:\/\/shoo-shoo.de\/Wordpress\/shows\/black-forest-swing\/attachment\/p1040624\" class=\"wp-image-1603\" srcset=\"https:\/\/shoo-shoo.de\/wp-content\/uploads\/2021\/05\/P1040624-1600x1015.jpg 1600w, https:\/\/shoo-shoo.de\/wp-content\/uploads\/2021\/05\/P1040624-300x190.jpg 300w, https:\/\/shoo-shoo.de\/wp-content\/uploads\/2021\/05\/P1040624-768x487.jpg 768w, https:\/\/shoo-shoo.de\/wp-content\/uploads\/2021\/05\/P1040624-1536x975.jpg 1536w, https:\/\/shoo-shoo.de\/wp-content\/uploads\/2021\/05\/P1040624-2048x1300.jpg 2048w\" sizes=\"auto, (max-width: 1600px) 100vw, 1600px\" \/><\/figure><\/li><li class=\"blocks-gallery-item\"><figure><img loading=\"lazy\" decoding=\"async\" width=\"1365\" height=\"1024\" src=\"https:\/\/shoo-shoo.de\/wp-content\/uploads\/2021\/05\/P1040646-1365x1024.jpg\" alt=\"\" data-id=\"1597\" data-full-url=\"https:\/\/shoo-shoo.de\/wp-content\/uploads\/2021\/05\/P1040646-scaled.jpg\" data-link=\"https:\/\/shoo-shoo.de\/Wordpress\/shows\/black-forest-swing\/attachment\/p1040646\" class=\"wp-image-1597\" srcset=\"https:\/\/shoo-shoo.de\/wp-content\/uploads\/2021\/05\/P1040646-1365x1024.jpg 1365w, https:\/\/shoo-shoo.de\/wp-content\/uploads\/2021\/05\/P1040646-300x225.jpg 300w, https:\/\/shoo-shoo.de\/wp-content\/uploads\/2021\/05\/P1040646-768x576.jpg 768w, https:\/\/shoo-shoo.de\/wp-content\/uploads\/2021\/05\/P1040646-1536x1152.jpg 1536w, https:\/\/shoo-shoo.de\/wp-content\/uploads\/2021\/05\/P1040646-2048x1536.jpg 2048w\" sizes=\"auto, (max-width: 1365px) 100vw, 1365px\" \/><\/figure><\/li><li class=\"blocks-gallery-item\"><figure><img loading=\"lazy\" decoding=\"async\" width=\"985\" height=\"1024\" src=\"https:\/\/shoo-shoo.de\/wp-content\/uploads\/2021\/05\/P1040486-985x1024.jpg\" alt=\"\" data-id=\"1598\" data-full-url=\"https:\/\/shoo-shoo.de\/wp-content\/uploads\/2021\/05\/P1040486.jpg\" data-link=\"https:\/\/shoo-shoo.de\/Wordpress\/shows\/black-forest-swing\/attachment\/p1040486\" class=\"wp-image-1598\" srcset=\"https:\/\/shoo-shoo.de\/wp-content\/uploads\/2021\/05\/P1040486-985x1024.jpg 985w, https:\/\/shoo-shoo.de\/wp-content\/uploads\/2021\/05\/P1040486-289x300.jpg 289w, https:\/\/shoo-shoo.de\/wp-content\/uploads\/2021\/05\/P1040486-768x798.jpg 768w, https:\/\/shoo-shoo.de\/wp-content\/uploads\/2021\/05\/P1040486-1478x1536.jpg 1478w, https:\/\/shoo-shoo.de\/wp-content\/uploads\/2021\/05\/P1040486-1970x2048.jpg 1970w\" sizes=\"auto, (max-width: 985px) 100vw, 985px\" \/><\/figure><\/li><li class=\"blocks-gallery-item\"><figure><img loading=\"lazy\" decoding=\"async\" width=\"1530\" height=\"1024\" src=\"https:\/\/shoo-shoo.de\/wp-content\/uploads\/2021\/05\/2018-07-Shoo-Shoos-Kirchzarten_27-07-18_0090-1530x1024.jpg\" alt=\"\" data-id=\"1599\" data-full-url=\"https:\/\/shoo-shoo.de\/wp-content\/uploads\/2021\/05\/2018-07-Shoo-Shoos-Kirchzarten_27-07-18_0090-scaled.jpg\" data-link=\"https:\/\/shoo-shoo.de\/Wordpress\/shows\/black-forest-swing\/attachment\/2018-07-shoo-shoos-kirchzarten_27-07-18_0090\" class=\"wp-image-1599\" srcset=\"https:\/\/shoo-shoo.de\/wp-content\/uploads\/2021\/05\/2018-07-Shoo-Shoos-Kirchzarten_27-07-18_0090-1530x1024.jpg 1530w, https:\/\/shoo-shoo.de\/wp-content\/uploads\/2021\/05\/2018-07-Shoo-Shoos-Kirchzarten_27-07-18_0090-300x201.jpg 300w, https:\/\/shoo-shoo.de\/wp-content\/uploads\/2021\/05\/2018-07-Shoo-Shoos-Kirchzarten_27-07-18_0090-768x514.jpg 768w, https:\/\/shoo-shoo.de\/wp-content\/uploads\/2021\/05\/2018-07-Shoo-Shoos-Kirchzarten_27-07-18_0090-1536x1028.jpg 1536w, https:\/\/shoo-shoo.de\/wp-content\/uploads\/2021\/05\/2018-07-Shoo-Shoos-Kirchzarten_27-07-18_0090-2048x1371.jpg 2048w\" sizes=\"auto, (max-width: 1530px) 100vw, 1530px\" \/><\/figure><\/li><li class=\"blocks-gallery-item\"><figure><img loading=\"lazy\" decoding=\"async\" width=\"1535\" height=\"1024\" src=\"https:\/\/shoo-shoo.de\/wp-content\/uploads\/2021\/05\/2018-07-Shoo-Shoos-Kirchzarten_27-07-18_0224-1535x1024.jpg\" alt=\"\" data-id=\"1600\" data-full-url=\"https:\/\/shoo-shoo.de\/wp-content\/uploads\/2021\/05\/2018-07-Shoo-Shoos-Kirchzarten_27-07-18_0224-scaled.jpg\" data-link=\"https:\/\/shoo-shoo.de\/Wordpress\/shows\/black-forest-swing\/attachment\/2018-07-shoo-shoos-kirchzarten_27-07-18_0224\" class=\"wp-image-1600\" srcset=\"https:\/\/shoo-shoo.de\/wp-content\/uploads\/2021\/05\/2018-07-Shoo-Shoos-Kirchzarten_27-07-18_0224-1535x1024.jpg 1535w, https:\/\/shoo-shoo.de\/wp-content\/uploads\/2021\/05\/2018-07-Shoo-Shoos-Kirchzarten_27-07-18_0224-300x200.jpg 300w, https:\/\/shoo-shoo.de\/wp-content\/uploads\/2021\/05\/2018-07-Shoo-Shoos-Kirchzarten_27-07-18_0224-768x512.jpg 768w, https:\/\/shoo-shoo.de\/wp-content\/uploads\/2021\/05\/2018-07-Shoo-Shoos-Kirchzarten_27-07-18_0224-1536x1025.jpg 1536w, https:\/\/shoo-shoo.de\/wp-content\/uploads\/2021\/05\/2018-07-Shoo-Shoos-Kirchzarten_27-07-18_0224-2048x1366.jpg 2048w\" sizes=\"auto, (max-width: 1535px) 100vw, 1535px\" \/><\/figure><\/li><li class=\"blocks-gallery-item\"><figure><img loading=\"lazy\" decoding=\"async\" width=\"1536\" height=\"1024\" src=\"https:\/\/shoo-shoo.de\/wp-content\/uploads\/2021\/05\/2018-07-Shoo-Shoos-Kirchzarten_27-07-18_0026-1536x1024.jpg\" alt=\"\" data-id=\"1601\" data-full-url=\"https:\/\/shoo-shoo.de\/wp-content\/uploads\/2021\/05\/2018-07-Shoo-Shoos-Kirchzarten_27-07-18_0026-scaled.jpg\" data-link=\"https:\/\/shoo-shoo.de\/Wordpress\/shows\/black-forest-swing\/attachment\/2018-07-shoo-shoos-kirchzarten_27-07-18_0026\" class=\"wp-image-1601\" srcset=\"https:\/\/shoo-shoo.de\/wp-content\/uploads\/2021\/05\/2018-07-Shoo-Shoos-Kirchzarten_27-07-18_0026-1536x1024.jpg 1536w, https:\/\/shoo-shoo.de\/wp-content\/uploads\/2021\/05\/2018-07-Shoo-Shoos-Kirchzarten_27-07-18_0026-300x200.jpg 300w, https:\/\/shoo-shoo.de\/wp-content\/uploads\/2021\/05\/2018-07-Shoo-Shoos-Kirchzarten_27-07-18_0026-768x512.jpg 768w, https:\/\/shoo-shoo.de\/wp-content\/uploads\/2021\/05\/2018-07-Shoo-Shoos-Kirchzarten_27-07-18_0026-2048x1365.jpg 2048w\" sizes=\"auto, (max-width: 1536px) 100vw, 1536px\" \/><\/figure><\/li><li class=\"blocks-gallery-item\"><figure><img loading=\"lazy\" decoding=\"async\" width=\"683\" height=\"1024\" src=\"https:\/\/shoo-shoo.de\/wp-content\/uploads\/2021\/05\/ShooShoos-Color-17-683x1024.jpg\" alt=\"\" data-id=\"1602\" data-full-url=\"https:\/\/shoo-shoo.de\/wp-content\/uploads\/2021\/05\/ShooShoos-Color-17.jpg\" data-link=\"https:\/\/shoo-shoo.de\/Wordpress\/shows\/black-forest-swing\/attachment\/shooshoos-color-17\" class=\"wp-image-1602\" srcset=\"https:\/\/shoo-shoo.de\/wp-content\/uploads\/2021\/05\/ShooShoos-Color-17-683x1024.jpg 683w, https:\/\/shoo-shoo.de\/wp-content\/uploads\/2021\/05\/ShooShoos-Color-17-200x300.jpg 200w, https:\/\/shoo-shoo.de\/wp-content\/uploads\/2021\/05\/ShooShoos-Color-17-768x1152.jpg 768w, https:\/\/shoo-shoo.de\/wp-content\/uploads\/2021\/05\/ShooShoos-Color-17-1024x1536.jpg 1024w, https:\/\/shoo-shoo.de\/wp-content\/uploads\/2021\/05\/ShooShoos-Color-17.jpg 1365w\" sizes=\"auto, (max-width: 683px) 100vw, 683px\" \/><\/figure><\/li><li class=\"blocks-gallery-item\"><figure><img loading=\"lazy\" decoding=\"async\" width=\"1365\" height=\"1024\" src=\"https:\/\/shoo-shoo.de\/wp-content\/uploads\/2021\/05\/P1040559-1365x1024.jpg\" alt=\"\" data-id=\"1609\" data-full-url=\"https:\/\/shoo-shoo.de\/wp-content\/uploads\/2021\/05\/P1040559-scaled.jpg\" data-link=\"https:\/\/shoo-shoo.de\/Wordpress\/shows\/black-forest-swing\/attachment\/p1040559\" class=\"wp-image-1609\" srcset=\"https:\/\/shoo-shoo.de\/wp-content\/uploads\/2021\/05\/P1040559-1365x1024.jpg 1365w, https:\/\/shoo-shoo.de\/wp-content\/uploads\/2021\/05\/P1040559-300x225.jpg 300w, https:\/\/shoo-shoo.de\/wp-content\/uploads\/2021\/05\/P1040559-768x576.jpg 768w, https:\/\/shoo-shoo.de\/wp-content\/uploads\/2021\/05\/P1040559-1536x1152.jpg 1536w, https:\/\/shoo-shoo.de\/wp-content\/uploads\/2021\/05\/P1040559-2048x1536.jpg 2048w\" sizes=\"auto, (max-width: 1365px) 100vw, 1365px\" \/><\/figure><\/li><li class=\"blocks-gallery-item\"><figure><img loading=\"lazy\" decoding=\"async\" width=\"1600\" height=\"902\" src=\"https:\/\/shoo-shoo.de\/wp-content\/uploads\/2021\/05\/DSC00779-1600x902.jpg\" alt=\"\" data-id=\"1608\" data-full-url=\"https:\/\/shoo-shoo.de\/wp-content\/uploads\/2021\/05\/DSC00779-scaled.jpg\" data-link=\"https:\/\/shoo-shoo.de\/Wordpress\/shows\/black-forest-swing\/attachment\/dsc00779\" class=\"wp-image-1608\" srcset=\"https:\/\/shoo-shoo.de\/wp-content\/uploads\/2021\/05\/DSC00779-1600x902.jpg 1600w, https:\/\/shoo-shoo.de\/wp-content\/uploads\/2021\/05\/DSC00779-300x169.jpg 300w, https:\/\/shoo-shoo.de\/wp-content\/uploads\/2021\/05\/DSC00779-768x433.jpg 768w, https:\/\/shoo-shoo.de\/wp-content\/uploads\/2021\/05\/DSC00779-1536x866.jpg 1536w, https:\/\/shoo-shoo.de\/wp-content\/uploads\/2021\/05\/DSC00779-2048x1154.jpg 2048w\" sizes=\"auto, (max-width: 1600px) 100vw, 1600px\" \/><\/figure><\/li><li class=\"blocks-gallery-item\"><figure><img loading=\"lazy\" decoding=\"async\" width=\"1600\" height=\"812\" src=\"https:\/\/shoo-shoo.de\/wp-content\/uploads\/2021\/05\/DSC00787-1600x812.jpg\" alt=\"\" data-id=\"1607\" data-full-url=\"https:\/\/shoo-shoo.de\/wp-content\/uploads\/2021\/05\/DSC00787-scaled.jpg\" data-link=\"https:\/\/shoo-shoo.de\/Wordpress\/shows\/black-forest-swing\/attachment\/dsc00787\" class=\"wp-image-1607\" srcset=\"https:\/\/shoo-shoo.de\/wp-content\/uploads\/2021\/05\/DSC00787-1600x812.jpg 1600w, https:\/\/shoo-shoo.de\/wp-content\/uploads\/2021\/05\/DSC00787-300x152.jpg 300w, https:\/\/shoo-shoo.de\/wp-content\/uploads\/2021\/05\/DSC00787-768x390.jpg 768w, https:\/\/shoo-shoo.de\/wp-content\/uploads\/2021\/05\/DSC00787-1536x780.jpg 1536w, https:\/\/shoo-shoo.de\/wp-content\/uploads\/2021\/05\/DSC00787-2048x1040.jpg 2048w\" sizes=\"auto, (max-width: 1600px) 100vw, 1600px\" \/><\/figure><\/li><li class=\"blocks-gallery-item\"><figure><img loading=\"lazy\" decoding=\"async\" width=\"1600\" height=\"951\" src=\"https:\/\/shoo-shoo.de\/wp-content\/uploads\/2021\/05\/DSC00814-1600x951.jpg\" alt=\"\" data-id=\"1606\" data-full-url=\"https:\/\/shoo-shoo.de\/wp-content\/uploads\/2021\/05\/DSC00814-scaled.jpg\" data-link=\"https:\/\/shoo-shoo.de\/Wordpress\/shows\/black-forest-swing\/attachment\/dsc00814\" class=\"wp-image-1606\" srcset=\"https:\/\/shoo-shoo.de\/wp-content\/uploads\/2021\/05\/DSC00814-1600x951.jpg 1600w, https:\/\/shoo-shoo.de\/wp-content\/uploads\/2021\/05\/DSC00814-300x178.jpg 300w, https:\/\/shoo-shoo.de\/wp-content\/uploads\/2021\/05\/DSC00814-768x456.jpg 768w, https:\/\/shoo-shoo.de\/wp-content\/uploads\/2021\/05\/DSC00814-1536x913.jpg 1536w, https:\/\/shoo-shoo.de\/wp-content\/uploads\/2021\/05\/DSC00814-2048x1217.jpg 2048w\" sizes=\"auto, (max-width: 1600px) 100vw, 1600px\" \/><\/figure><\/li><li class=\"blocks-gallery-item\"><figure><img loading=\"lazy\" decoding=\"async\" width=\"1600\" height=\"784\" src=\"https:\/\/shoo-shoo.de\/wp-content\/uploads\/2021\/05\/20180421_215259-1600x784.jpg\" alt=\"\" data-id=\"1605\" data-full-url=\"https:\/\/shoo-shoo.de\/wp-content\/uploads\/2021\/05\/20180421_215259-scaled.jpg\" data-link=\"https:\/\/shoo-shoo.de\/Wordpress\/shows\/black-forest-swing\/attachment\/20180421_215259\" class=\"wp-image-1605\" srcset=\"https:\/\/shoo-shoo.de\/wp-content\/uploads\/2021\/05\/20180421_215259-1600x784.jpg 1600w, https:\/\/shoo-shoo.de\/wp-content\/uploads\/2021\/05\/20180421_215259-300x147.jpg 300w, https:\/\/shoo-shoo.de\/wp-content\/uploads\/2021\/05\/20180421_215259-768x377.jpg 768w, https:\/\/shoo-shoo.de\/wp-content\/uploads\/2021\/05\/20180421_215259-1536x753.jpg 1536w, https:\/\/shoo-shoo.de\/wp-content\/uploads\/2021\/05\/20180421_215259-2048x1004.jpg 2048w\" sizes=\"auto, (max-width: 1600px) 100vw, 1600px\" \/><\/figure><\/li><\/ul><\/figure>\n\n\n\n<p><\/p>\n","protected":false},"excerpt":{"rendered":"<p>Seit fast einem Jahrzehnt bringen The Shoo-Shoos ihr Publikum zum Kichern, Jubeln und Mitswingen. Inzwischen haben drei inhaltlich zusammenh\u00e4ngende B\u00fchnenshows die Shoo-Shoo-Saga zu einer runden Sache gemacht.&nbsp; Nun schl\u00e4gt die quicklebendige Truppe ein neues Kapitel &hellip; <a href=\"https:\/\/shoo-shoo.de\/Wordpress\/shows\/black-forest-swing\">Weiterlesen<\/a><\/p>\n","protected":false},"author":1,"featured_media":0,"parent":813,"menu_order":0,"comment_status":"closed","ping_status":"closed","template":"","meta":{"_monsterinsights_skip_tracking":false,"_monsterinsights_sitenote_active":false,"_monsterinsights_sitenote_note":"","_monsterinsights_sitenote_category":0,"footnotes":""},"class_list":["post-1385","page","type-page","status-publish","hentry"],"_links":{"self":[{"href":"https:\/\/shoo-shoo.de\/Wordpress\/wp-json\/wp\/v2\/pages\/1385","targetHints":{"allow":["GET"]}}],"collection":[{"href":"https:\/\/shoo-shoo.de\/Wordpress\/wp-json\/wp\/v2\/pages"}],"about":[{"href":"https:\/\/shoo-shoo.de\/Wordpress\/wp-json\/wp\/v2\/types\/page"}],"author":[{"embeddable":true,"href":"https:\/\/shoo-shoo.de\/Wordpress\/wp-json\/wp\/v2\/users\/1"}],"replies":[{"embeddable":true,"href":"https:\/\/shoo-shoo.de\/Wordpress\/wp-json\/wp\/v2\/comments?post=1385"}],"version-history":[{"count":6,"href":"https:\/\/shoo-shoo.de\/Wordpress\/wp-json\/wp\/v2\/pages\/1385\/revisions"}],"predecessor-version":[{"id":1617,"href":"https:\/\/shoo-shoo.de\/Wordpress\/wp-json\/wp\/v2\/pages\/1385\/revisions\/1617"}],"up":[{"embeddable":true,"href":"https:\/\/shoo-shoo.de\/Wordpress\/wp-json\/wp\/v2\/pages\/813"}],"wp:attachment":[{"href":"https:\/\/shoo-shoo.de\/Wordpress\/wp-json\/wp\/v2\/media?parent=1385"}],"curies":[{"name":"wp","href":"https:\/\/api.w.org\/{rel}","templated":true}]}}